{"id":11003,"date":"2026-03-06T00:48:40","date_gmt":"2026-03-05T23:48:40","guid":{"rendered":"https:\/\/www.severka.online\/?page_id=11003"},"modified":"2026-03-06T01:00:29","modified_gmt":"2026-03-06T00:00:29","slug":"calendar-archiv-umrtia","status":"publish","type":"page","link":"https:\/\/www.severka.online\/index.php\/calendar-archiv-umrtia\/","title":{"rendered":"umrtia"},"content":{"rendered":"<div id=\"sc-code-1\"\n\tclass=\"sugar-calendar-event-list-block sugar-calendar-event-list-block__list-view\"\n\tdata-attributes=\"{&quot;clientId&quot;:&quot;&quot;,&quot;groupEventsByWeek&quot;:false,&quot;eventsPerPage&quot;:10,&quot;maximumEventsToShow&quot;:100,&quot;display&quot;:&quot;list&quot;,&quot;accentColor&quot;:&quot;#5685BD&quot;,&quot;linksColor&quot;:&quot;#000000D9&quot;,&quot;allowUserChangeDisplay&quot;:true,&quot;showBlockHeader&quot;:true,&quot;showFeaturedImages&quot;:true,&quot;showDescriptions&quot;:true,&quot;showDateCards&quot;:true,&quot;showSearch&quot;:true,&quot;showFilters&quot;:true,&quot;imagePosition&quot;:&quot;right&quot;,&quot;appearance&quot;:&quot;light&quot;,&quot;should_not_load_events&quot;:false,&quot;blockId&quot;:&quot;code-1&quot;,&quot;user_generated_dom_id&quot;:&quot;&quot;,&quot;calendars&quot;:[42],&quot;tags&quot;:[],&quot;venues&quot;:[],&quot;speakers&quot;:[]}\"\n\tdata-paged=\"1\"\n\tdata-ogday=\"2\"\n\tdata-ogmonth=\"5\"\n\tdata-ogyear=\"2026\"\n\tdata-appearance=\"light\"\n\tstyle=\"--accent-color: #5685BD;--links-color: #000000D9;--popover-accent: #ffffff;\"\n>\n\t<form class=\"sugar-calendar-block-settings\">\n\t<input type=\"hidden\" name=\"sc_calendar_id\" value=\"sc-code-1\" \/>\n\t<input type=\"hidden\" name=\"sc_month\" value=\"5\" \/>\n\t<input type=\"hidden\" name=\"sc_year\" value=\"2026\" \/>\n\t<input type=\"hidden\" name=\"sc_day\" value=\"2\" \/>\n\t<input type=\"hidden\" name=\"sc_calendars\" value=\"\" \/>\n\t<input type=\"hidden\" name=\"sc_display\" value=\"list\" \/>\n\t<input type=\"hidden\" name=\"sc_search\" value=\"\" \/>\n\t<input type=\"hidden\" name=\"sc_visitor_tz_convert\" value=\"0\">\n\t<input type=\"hidden\" name=\"sc_calendars_filter\" value=\"42\" \/>\n\t<input type=\"hidden\" name=\"sc_venues_filter\" value=\"\" \/>\n\t<input type=\"hidden\" name=\"sc_speakers_filter\" value=\"\" \/>\n\t<input type=\"hidden\" name=\"sc_tags_filter\" value=\"\" \/>\n<\/form>\n<div class=\"sugar-calendar-block__popover__month_selector sugar-calendar-block__popover\" role=\"popover\">\n\t<div class=\"sugar-calendar-block__popover__month_selector__container\">\n\t\t<div class=\"sugar-calendar-block__controls__datepicker\"\n\t\t\tdata-date=\"05\/02\/2026\">\n\t\t<\/div>\n\t<\/div>\n<\/div>\n\n<div class=\"sugar-calendar-block__popover__calendar_selector sugar-calendar-block__popover\" role=\"popover\">\n\n\t<div class=\"sugar-calendar-block__popover__calendar_selector__container\">\n\n\t\t\n\t\t<div style=\"\" class=\"sugar-calendar-block__popover__calendar_selector__container__days\" data-sc-accordion-open=\"false\">\n\t\t\t<div class=\"sugar-calendar-block__popover__calendar_selector__container__heading\">\n\t\t\t\tDni v t\u00fd\u017edni\t\t\t\t<span class=\"sc-filter-applied-indicator\" aria-hidden=\"true\"><\/span>\n\t\t\t\t<span class=\"sc-accordion-indicator\" aria-hidden=\"true\">\n\t\t\t\t\t<svg width=\"13\" height=\"8\" viewBox=\"0 0 13 8\" fill=\"currentColor\" xmlns=\"http:\/\/www.w3.org\/2000\/svg\">\n\t\t\t\t\t\t<path d=\"M12.0586 1.34375C12.1953 1.45312 12.1953 1.67188 12.0586 1.80859L6.34375 7.52344C6.20703 7.66016 6.01562 7.66016 5.87891 7.52344L0.164062 1.80859C0.0273438 1.67188 0.0273438 1.45312 0.164062 1.34375L0.683594 0.796875C0.820312 0.660156 1.03906 0.660156 1.14844 0.796875L6.125 5.74609L11.0742 0.796875C11.1836 0.660156 11.4023 0.660156 11.5391 0.796875L12.0586 1.34375Z\" fill=\"currentColor\"><\/path>\n\t\t\t\t\t<\/svg>\n\t\t\t\t<\/span>\n\t\t\t<\/div>\n\t\t\t<div class=\"sugar-calendar-block__popover__calendar_selector__container__options\">\n\t\t\t\t\t\t\t\t\t<div class=\"sugar-calendar-block__popover__calendar_selector__container__options__val\">\n\t\t\t\t\t\t<label for=\"sc-day-sc-code-1-nede\u013ea\">\n\t\t\t\t\t\t\t<input\n\t\t\t\t\t\t\t\tclass=\"sugar-calendar-block__popover__calendar_selector__container__options__val__day\"\n\t\t\t\t\t\t\t\ttype=\"checkbox\"\n\t\t\t\t\t\t\t\tid=\"sc-day-sc-code-1-nede\u013ea\"\n\t\t\t\t\t\t\t\tname=\"sc-day-sc-code-1-nede\u013ea\"\n\t\t\t\t\t\t\t\tvalue=\"0\"\n\t\t\t\t\t\t\t\/>\n\t\t\t\t\t\t\tnede\u013ea\t\t\t\t\t\t<\/label>\n\t\t\t\t\t<\/div>\n\t\t\t\t\t\t\t\t\t\t<div class=\"sugar-calendar-block__popover__calendar_selector__container__options__val\">\n\t\t\t\t\t\t<label for=\"sc-day-sc-code-1-pondelok\">\n\t\t\t\t\t\t\t<input\n\t\t\t\t\t\t\t\tclass=\"sugar-calendar-block__popover__calendar_selector__container__options__val__day\"\n\t\t\t\t\t\t\t\ttype=\"checkbox\"\n\t\t\t\t\t\t\t\tid=\"sc-day-sc-code-1-pondelok\"\n\t\t\t\t\t\t\t\tname=\"sc-day-sc-code-1-pondelok\"\n\t\t\t\t\t\t\t\tvalue=\"1\"\n\t\t\t\t\t\t\t\/>\n\t\t\t\t\t\t\tpondelok\t\t\t\t\t\t<\/label>\n\t\t\t\t\t<\/div>\n\t\t\t\t\t\t\t\t\t\t<div class=\"sugar-calendar-block__popover__calendar_selector__container__options__val\">\n\t\t\t\t\t\t<label for=\"sc-day-sc-code-1-utorok\">\n\t\t\t\t\t\t\t<input\n\t\t\t\t\t\t\t\tclass=\"sugar-calendar-block__popover__calendar_selector__container__options__val__day\"\n\t\t\t\t\t\t\t\ttype=\"checkbox\"\n\t\t\t\t\t\t\t\tid=\"sc-day-sc-code-1-utorok\"\n\t\t\t\t\t\t\t\tname=\"sc-day-sc-code-1-utorok\"\n\t\t\t\t\t\t\t\tvalue=\"2\"\n\t\t\t\t\t\t\t\/>\n\t\t\t\t\t\t\tutorok\t\t\t\t\t\t<\/label>\n\t\t\t\t\t<\/div>\n\t\t\t\t\t\t\t\t\t\t<div class=\"sugar-calendar-block__popover__calendar_selector__container__options__val\">\n\t\t\t\t\t\t<label for=\"sc-day-sc-code-1-streda\">\n\t\t\t\t\t\t\t<input\n\t\t\t\t\t\t\t\tclass=\"sugar-calendar-block__popover__calendar_selector__container__options__val__day\"\n\t\t\t\t\t\t\t\ttype=\"checkbox\"\n\t\t\t\t\t\t\t\tid=\"sc-day-sc-code-1-streda\"\n\t\t\t\t\t\t\t\tname=\"sc-day-sc-code-1-streda\"\n\t\t\t\t\t\t\t\tvalue=\"3\"\n\t\t\t\t\t\t\t\/>\n\t\t\t\t\t\t\tstreda\t\t\t\t\t\t<\/label>\n\t\t\t\t\t<\/div>\n\t\t\t\t\t\t\t\t\t\t<div class=\"sugar-calendar-block__popover__calendar_selector__container__options__val\">\n\t\t\t\t\t\t<label for=\"sc-day-sc-code-1-\u0161tvrtok\">\n\t\t\t\t\t\t\t<input\n\t\t\t\t\t\t\t\tclass=\"sugar-calendar-block__popover__calendar_selector__container__options__val__day\"\n\t\t\t\t\t\t\t\ttype=\"checkbox\"\n\t\t\t\t\t\t\t\tid=\"sc-day-sc-code-1-\u0161tvrtok\"\n\t\t\t\t\t\t\t\tname=\"sc-day-sc-code-1-\u0161tvrtok\"\n\t\t\t\t\t\t\t\tvalue=\"4\"\n\t\t\t\t\t\t\t\/>\n\t\t\t\t\t\t\t\u0161tvrtok\t\t\t\t\t\t<\/label>\n\t\t\t\t\t<\/div>\n\t\t\t\t\t\t\t\t\t\t<div class=\"sugar-calendar-block__popover__calendar_selector__container__options__val\">\n\t\t\t\t\t\t<label for=\"sc-day-sc-code-1-piatok\">\n\t\t\t\t\t\t\t<input\n\t\t\t\t\t\t\t\tclass=\"sugar-calendar-block__popover__calendar_selector__container__options__val__day\"\n\t\t\t\t\t\t\t\ttype=\"checkbox\"\n\t\t\t\t\t\t\t\tid=\"sc-day-sc-code-1-piatok\"\n\t\t\t\t\t\t\t\tname=\"sc-day-sc-code-1-piatok\"\n\t\t\t\t\t\t\t\tvalue=\"5\"\n\t\t\t\t\t\t\t\/>\n\t\t\t\t\t\t\tpiatok\t\t\t\t\t\t<\/label>\n\t\t\t\t\t<\/div>\n\t\t\t\t\t\t\t\t\t\t<div class=\"sugar-calendar-block__popover__calendar_selector__container__options__val\">\n\t\t\t\t\t\t<label for=\"sc-day-sc-code-1-sobota\">\n\t\t\t\t\t\t\t<input\n\t\t\t\t\t\t\t\tclass=\"sugar-calendar-block__popover__calendar_selector__container__options__val__day\"\n\t\t\t\t\t\t\t\ttype=\"checkbox\"\n\t\t\t\t\t\t\t\tid=\"sc-day-sc-code-1-sobota\"\n\t\t\t\t\t\t\t\tname=\"sc-day-sc-code-1-sobota\"\n\t\t\t\t\t\t\t\tvalue=\"6\"\n\t\t\t\t\t\t\t\/>\n\t\t\t\t\t\t\tsobota\t\t\t\t\t\t<\/label>\n\t\t\t\t\t<\/div>\n\t\t\t\t\t\t\t\t<\/div>\n\t\t<\/div>\n\n\t\t<div class=\"sugar-calendar-block__popover__calendar_selector__container__time\" data-sc-accordion-open=\"false\">\n\t\t\t<div class=\"sugar-calendar-block__popover__calendar_selector__container__heading\">\n\t\t\t\t\u010cas d\u0148a\t\t\t\t<span class=\"sc-filter-applied-indicator\" aria-hidden=\"true\"><\/span>\n\t\t\t\t<span class=\"sc-accordion-indicator\" aria-hidden=\"true\">\n\t\t\t\t\t<svg width=\"13\" height=\"8\" viewBox=\"0 0 13 8\" fill=\"currentColor\" xmlns=\"http:\/\/www.w3.org\/2000\/svg\">\n\t\t\t\t\t\t<path d=\"M12.0586 1.34375C12.1953 1.45312 12.1953 1.67188 12.0586 1.80859L6.34375 7.52344C6.20703 7.66016 6.01562 7.66016 5.87891 7.52344L0.164062 1.80859C0.0273438 1.67188 0.0273438 1.45312 0.164062 1.34375L0.683594 0.796875C0.820312 0.660156 1.03906 0.660156 1.14844 0.796875L6.125 5.74609L11.0742 0.796875C11.1836 0.660156 11.4023 0.660156 11.5391 0.796875L12.0586 1.34375Z\" fill=\"currentColor\"><\/path>\n\t\t\t\t\t<\/svg>\n\t\t\t\t<\/span>\n\t\t\t<\/div>\n\t\t\t<div class=\"sugar-calendar-block__popover__calendar_selector__container__options\">\n\t\t\t\t\t\t\t\t\t<div class=\"sugar-calendar-block__popover__calendar_selector__container__options__val\">\n\t\t\t\t\t\t<label for=\"tod-sc-code-1-all_day\">\n\t\t\t\t\t\t\t<input\n\t\t\t\t\t\t\t\tclass=\"sugar-calendar-block__popover__calendar_selector__container__options__val__time\"\n\t\t\t\t\t\t\t\ttype=\"checkbox\"\n\t\t\t\t\t\t\t\tid=\"tod-sc-code-1-all_day\"\n\t\t\t\t\t\t\t\tname=\"tod-sc-code-1-all_day\"\n\t\t\t\t\t\t\t\tvalue=\"all_day\"\n\t\t\t\t\t\t\t\/>\n\t\t\t\t\t\t\tCel\u00fd de\u0148\t\t\t\t\t\t<\/label>\n\t\t\t\t\t<\/div>\n\t\t\t\t\t\t\t\t\t\t<div class=\"sugar-calendar-block__popover__calendar_selector__container__options__val\">\n\t\t\t\t\t\t<label for=\"tod-sc-code-1-morning\">\n\t\t\t\t\t\t\t<input\n\t\t\t\t\t\t\t\tclass=\"sugar-calendar-block__popover__calendar_selector__container__options__val__time\"\n\t\t\t\t\t\t\t\ttype=\"checkbox\"\n\t\t\t\t\t\t\t\tid=\"tod-sc-code-1-morning\"\n\t\t\t\t\t\t\t\tname=\"tod-sc-code-1-morning\"\n\t\t\t\t\t\t\t\tvalue=\"morning\"\n\t\t\t\t\t\t\t\/>\n\t\t\t\t\t\t\tR\u00e1no\t\t\t\t\t\t<\/label>\n\t\t\t\t\t<\/div>\n\t\t\t\t\t\t\t\t\t\t<div class=\"sugar-calendar-block__popover__calendar_selector__container__options__val\">\n\t\t\t\t\t\t<label for=\"tod-sc-code-1-afternoon\">\n\t\t\t\t\t\t\t<input\n\t\t\t\t\t\t\t\tclass=\"sugar-calendar-block__popover__calendar_selector__container__options__val__time\"\n\t\t\t\t\t\t\t\ttype=\"checkbox\"\n\t\t\t\t\t\t\t\tid=\"tod-sc-code-1-afternoon\"\n\t\t\t\t\t\t\t\tname=\"tod-sc-code-1-afternoon\"\n\t\t\t\t\t\t\t\tvalue=\"afternoon\"\n\t\t\t\t\t\t\t\/>\n\t\t\t\t\t\t\tPopoludn\u00ed\t\t\t\t\t\t<\/label>\n\t\t\t\t\t<\/div>\n\t\t\t\t\t\t\t\t\t\t<div class=\"sugar-calendar-block__popover__calendar_selector__container__options__val\">\n\t\t\t\t\t\t<label for=\"tod-sc-code-1-evening\">\n\t\t\t\t\t\t\t<input\n\t\t\t\t\t\t\t\tclass=\"sugar-calendar-block__popover__calendar_selector__container__options__val__time\"\n\t\t\t\t\t\t\t\ttype=\"checkbox\"\n\t\t\t\t\t\t\t\tid=\"tod-sc-code-1-evening\"\n\t\t\t\t\t\t\t\tname=\"tod-sc-code-1-evening\"\n\t\t\t\t\t\t\t\tvalue=\"evening\"\n\t\t\t\t\t\t\t\/>\n\t\t\t\t\t\t\tVe\u010der\t\t\t\t\t\t<\/label>\n\t\t\t\t\t<\/div>\n\t\t\t\t\t\t\t\t\t\t<div class=\"sugar-calendar-block__popover__calendar_selector__container__options__val\">\n\t\t\t\t\t\t<label for=\"tod-sc-code-1-night\">\n\t\t\t\t\t\t\t<input\n\t\t\t\t\t\t\t\tclass=\"sugar-calendar-block__popover__calendar_selector__container__options__val__time\"\n\t\t\t\t\t\t\t\ttype=\"checkbox\"\n\t\t\t\t\t\t\t\tid=\"tod-sc-code-1-night\"\n\t\t\t\t\t\t\t\tname=\"tod-sc-code-1-night\"\n\t\t\t\t\t\t\t\tvalue=\"night\"\n\t\t\t\t\t\t\t\/>\n\t\t\t\t\t\t\tV noci\t\t\t\t\t\t<\/label>\n\t\t\t\t\t<\/div>\n\t\t\t\t\t\t\t\t<\/div>\n\t\t<\/div>\n\n\t\t\n\t\t<div class=\"sc-filters-footer\">\n\t\t\t<button type=\"button\" class=\"sc-filters-clear\">Zru\u0161i\u0165<\/button>\n\t\t\t<button type=\"button\" class=\"sc-filters-apply\">Pou\u017ei\u0165<\/button>\n\t\t<\/div>\n\t<\/div>\n<\/div>\n\n<div class=\"sugar-calendar-block__popover__display_selector sugar-calendar-block__popover\" role=\"popover\">\n\t<div class=\"sugar-calendar-block__popover__display_selector__container\">\n\t\t<div class=\"sugar-calendar-block__popover__display_selector__container__body\">\n\t\t\t\t\t\t\t<div data-mode=\"list\" class=\"sugar-calendar-block__popover__display_selector__container__body__option\">\n\t\t\t\t\tZoznam\t\t\t\t<\/div>\n\t\t\t\t\t\t\t\t<div data-mode=\"grid\" class=\"sugar-calendar-block__popover__display_selector__container__body__option\">\n\t\t\t\t\tMrie\u017eka\t\t\t\t<\/div>\n\t\t\t\t\t\t\t\t<div data-mode=\"plain\" class=\"sugar-calendar-block__popover__display_selector__container__body__option\">\n\t\t\t\t\tOby\u010dajne\t\t\t\t<\/div>\n\t\t\t\t\t\t<\/div>\n\t<\/div>\n<\/div>\n<div class=\"sugar-calendar-block__controls\">\n\n\t<div class=\"sugar-calendar-block__controls__left\">\n\n\t\t\t<\/div>\n\n\t<div class=\"sugar-calendar-block__controls__right\">\n\n\t\t\t\t\t<div class=\"sugar-calendar-block__controls__right__settings\">\n\t\t\t\t<button\n\t\t\t\t\tclass=\"sugar-calendar-block__controls__right__settings__btn sugar-calendar-block__controls__settings__btn\"\n\t\t\t\t\taria-label=\"Filters\"\n\t\t\t\t>\n\t\t\t\t\t<svg width=\"14\" height=\"13\" viewBox=\"0 0 14 13\" fill=\"currentColor\" xmlns=\"http:\/\/www.w3.org\/2000\/svg\">\n\t\t\t\t\t\t<path d=\"M13.5625 1.71875C13.7812 1.71875 14 1.9375 14 2.15625V2.59375C14 2.83984 13.7812 3.03125 13.5625 3.03125H7.875V3.6875C7.875 3.93359 7.65625 4.125 7.4375 4.125H6.5625C6.31641 4.125 6.125 3.93359 6.125 3.6875V3.03125H0.4375C0.191406 3.03125 0 2.83984 0 2.59375V2.15625C0 1.9375 0.191406 1.71875 0.4375 1.71875H6.125V1.0625C6.125 0.84375 6.31641 0.625 6.5625 0.625H7.4375C7.65625 0.625 7.875 0.84375 7.875 1.0625V1.71875H13.5625ZM13.5625 10.4688C13.7812 10.4688 14 10.6875 14 10.9062V11.3438C14 11.5898 13.7812 11.7812 13.5625 11.7812H4.375V12.4375C4.375 12.6836 4.15625 12.875 3.9375 12.875H3.0625C2.81641 12.875 2.625 12.6836 2.625 12.4375V11.7812H0.4375C0.191406 11.7812 0 11.5898 0 11.3438V10.9062C0 10.6875 0.191406 10.4688 0.4375 10.4688H2.625V9.8125C2.625 9.59375 2.81641 9.375 3.0625 9.375H3.9375C4.15625 9.375 4.375 9.59375 4.375 9.8125V10.4688H13.5625ZM13.5625 6.09375C13.7812 6.09375 14 6.3125 14 6.53125V6.96875C14 7.21484 13.7812 7.40625 13.5625 7.40625H11.375V8.0625C11.375 8.30859 11.1562 8.5 10.9375 8.5H10.0625C9.81641 8.5 9.625 8.30859 9.625 8.0625V7.40625H0.4375C0.191406 7.40625 0 7.21484 0 6.96875V6.53125C0 6.3125 0.191406 6.09375 0.4375 6.09375H9.625V5.4375C9.625 5.21875 9.81641 5 10.0625 5H10.9375C11.1562 5 11.375 5.21875 11.375 5.4375V6.09375H13.5625Z\" fill=\"currentColor\"\/>\n\t\t\t\t\t<\/svg>\n\t\t\t\t<\/button>\n\t\t\t<\/div>\n\t\t\n\t\t\t\t\t<div class=\"sugar-calendar-block__controls__right__view\">\n\t\t\t\t<button class=\"sugar-calendar-block__controls__right__view__btn sugar-calendar-block__controls__settings__btn\">\n\t\t\t\t\t<span>Zoznam<\/span>\n\t\t\t\t\t<svg width=\"13\" height=\"8\" viewBox=\"0 0 13 8\" fill=\"currentColor\" xmlns=\"http:\/\/www.w3.org\/2000\/svg\">\n\t\t\t\t\t\t<path d=\"M12.0586 1.34375C12.1953 1.45312 12.1953 1.67188 12.0586 1.80859L6.34375 7.52344C6.20703 7.66016 6.01562 7.66016 5.87891 7.52344L0.164062 1.80859C0.0273438 1.67188 0.0273438 1.45312 0.164062 1.34375L0.683594 0.796875C0.820312 0.660156 1.03906 0.660156 1.14844 0.796875L6.125 5.74609L11.0742 0.796875C11.1836 0.660156 11.4023 0.660156 11.5391 0.796875L12.0586 1.34375Z\" fill=\"currentColor\"\/>\n\t\t\t\t\t<\/svg>\n\t\t\t\t<\/button>\n\t\t\t<\/div>\n\t\t\n\t\t\t\t\t<div class=\"sugar-calendar-block__controls__right__search\">\n\t\t\t\t<svg class=\"sugar-calendar-block__controls__right__search__icon\" width=\"15\" height=\"15\" viewBox=\"0 0 15 15\" fill=\"none\" xmlns=\"http:\/\/www.w3.org\/2000\/svg\">\n\t\t\t\t\t<path d=\"M13.8906 13.5742C14.0273 13.7109 14.0273 13.9297 13.8906 14.0391L13.2617 14.668C13.1523 14.8047 12.9336 14.8047 12.7969 14.668L9.48828 11.3594C9.43359 11.2773 9.40625 11.1953 9.40625 11.1133V10.7578C8.39453 11.6055 7.10938 12.125 5.6875 12.125C2.54297 12.125 0 9.58203 0 6.4375C0 3.32031 2.54297 0.75 5.6875 0.75C8.80469 0.75 11.375 3.32031 11.375 6.4375C11.375 7.85938 10.8281 9.17188 9.98047 10.1562H10.3359C10.418 10.1562 10.5 10.2109 10.582 10.2656L13.8906 13.5742ZM5.6875 10.8125C8.09375 10.8125 10.0625 8.87109 10.0625 6.4375C10.0625 4.03125 8.09375 2.0625 5.6875 2.0625C3.25391 2.0625 1.3125 4.03125 1.3125 6.4375C1.3125 8.87109 3.25391 10.8125 5.6875 10.8125Z\" fill=\"currentColor\"\/>\n\t\t\t\t<\/svg>\n\t\t\t\t<input\n\t\t\t\t\tclass=\"sugar-calendar-block__controls__right__search__field\"\n\t\t\t\t\ttype=\"text\"\n\t\t\t\t\tautocomplete=\"off\"\n\t\t\t\t\tplaceholder=\"Vyh\u013ead\u00e1vanie udalost\u00ed\"\n\t\t\t\t\/>\n\t\t\t\t<svg class=\"sugar-calendar-block__controls__right__search__clear\" width=\"20\" height=\"20\" viewBox=\"0 0 20 20\" fill=\"currentColor\" xmlns=\"http:\/\/www.w3.org\/2000\/svg\">\n\t\t\t\t\t<path fill-rule=\"evenodd\" clip-rule=\"evenodd\" d=\"M9.99994 10.8839L13.0935 13.9775L13.9774 13.0936L10.8838 10L13.9774 6.90641L13.0935 6.02253L9.99994 9.11612L6.90634 6.02252L6.02246 6.90641L9.11606 10L6.02247 13.0936L6.90635 13.9775L9.99994 10.8839Z\" fill=\"currentColor\"\/>\n\t\t\t\t<\/svg>\n\t\t\t<\/div>\n\t\t\t<\/div>\n<\/div>\n\n\t<div class=\"sugar-calendar-event-list-block__base-container sugar-calendar-block__base-container\">\n\t\t<div class=\"sugar-calendar-block__base-container__no-events\">\n\t<div class=\"sugar-calendar-block__base-container__no-events__msg\">\n\t\tNie s\u00fa napl\u00e1novan\u00e9 \u017eiadne udalosti, ktor\u00e9 by zodpovedali va\u0161im krit\u00e9ri\u00e1m.\t<\/div>\n<\/div>\n\t<\/div>\n\n\t<\/div>\n\n<p>[sugarcalendar_events calendar=&#8220;muzika&#8220; type=&#8220;all&#8220;]<\/p>\n","protected":false},"excerpt":{"rendered":"<p>[sugarcalendar_events calendar=&#8220;muzika&#8220; type=&#8220;all&#8220;]<\/p>\n<p> <a class=\"continue-reading-link\" href=\"https:\/\/www.severka.online\/index.php\/calendar-archiv-umrtia\/\"><span>Pokra\u010dovanie \u010dl\u00e1nku<\/span><i class=\"crycon-right-dir\"><\/i><\/a> <\/p>\n","protected":false},"author":1,"featured_media":0,"parent":0,"menu_order":0,"comment_status":"closed","ping_status":"closed","template":"","meta":{"footnotes":""},"class_list":["post-11003","page","type-page","status-publish","hentry"],"_links":{"self":[{"href":"https:\/\/www.severka.online\/index.php\/wp-json\/wp\/v2\/pages\/11003","targetHints":{"allow":["GET"]}}],"collection":[{"href":"https:\/\/www.severka.online\/index.php\/wp-json\/wp\/v2\/pages"}],"about":[{"href":"https:\/\/www.severka.online\/index.php\/wp-json\/wp\/v2\/types\/page"}],"author":[{"embeddable":true,"href":"https:\/\/www.severka.online\/index.php\/wp-json\/wp\/v2\/users\/1"}],"replies":[{"embeddable":true,"href":"https:\/\/www.severka.online\/index.php\/wp-json\/wp\/v2\/comments?post=11003"}],"version-history":[{"count":6,"href":"https:\/\/www.severka.online\/index.php\/wp-json\/wp\/v2\/pages\/11003\/revisions"}],"predecessor-version":[{"id":11011,"href":"https:\/\/www.severka.online\/index.php\/wp-json\/wp\/v2\/pages\/11003\/revisions\/11011"}],"wp:attachment":[{"href":"https:\/\/www.severka.online\/index.php\/wp-json\/wp\/v2\/media?parent=11003"}],"curies":[{"name":"wp","href":"https:\/\/api.w.org\/{rel}","templated":true}]}}