{"id":16,"date":"2018-12-15T17:18:57","date_gmt":"2018-12-15T16:18:57","guid":{"rendered":"http:\/\/www.severka.online\/?page_id=16"},"modified":"2024-08-06T01:35:38","modified_gmt":"2024-08-05T23:35:38","slug":"kontakt","status":"publish","type":"page","link":"https:\/\/www.severka.online\/index.php\/trampske-zdruzenie-severka\/kontakt\/","title":{"rendered":"Kontakt"},"content":{"rendered":"<p>S\u00eddlo TZ Severka je v Martine, adresa Jilemnick\u00e9ho 23\/15. T\u00e1to adresa sl\u00fa\u017ei na ofici\u00e1lnu kore\u0161pondenciu s in\u0161tit\u00faciami.<\/p>\n<p>\u0160tatut\u00e1rny z\u00e1stupca &#8211; predseda Zdru\u017eenia je J\u00e1n &#8222;Modok&#8220; Dulla, adresa Pod kan\u00e1lom 19, 038 61 Lipovec.<\/p>\n<p><strong>S\u00eddlo redakcie<\/strong> <strong>trampsk\u00e9ho ob\u010dasn\u00edka Severka je: TZ Severka, ul. SNP 71, 935 05 Pukanec.<\/strong> To je z\u00e1rove\u0148 aj dom\u00e1ca adresa s\u00fa\u010dasn\u00e9ho \u0161\u00e9fredaktora, ktor\u00fdm je Adalbert D&#8217;Ady Mezei.<\/p>\n<p>Mailov\u00e1 adresa, na ktorej vybavujeme be\u017en\u00fa kore\u0161pondenciu je <a title=\"mailov\u00e1 adresa\" href=\"mailto:tz.severka@gmail.com\" target=\"_blank\" rel=\"noopener\">tz.severka(zavin\u00e1\u010d)gmail.com<\/a>.<\/p>\n","protected":false},"excerpt":{"rendered":"<p>S\u00eddlo TZ Severka je v Martine, adresa Jilemnick\u00e9ho 23\/15. T\u00e1to adresa sl\u00fa\u017ei na ofici\u00e1lnu kore\u0161pondenciu s in\u0161tit\u00faciami. \u0160tatut\u00e1rny z\u00e1stupca &#8211; predseda Zdru\u017eenia je J\u00e1n &#8222;Modok&#8220; Dulla, adresa Pod kan\u00e1lom 19, 038 61 Lipovec. S\u00eddlo redakcie trampsk\u00e9ho ob\u010dasn\u00edka Severka je: TZ Severka, ul. SNP 71, 935 05 Pukanec. To je z\u00e1rove\u0148 aj dom\u00e1ca adresa s\u00fa\u010dasn\u00e9ho \u0161\u00e9fredaktora, ktor\u00fdm je Adalbert D&#8217;Ady Mezei. Mailov\u00e1 adresa, na ktorej vybavujeme be\u017en\u00fa kore\u0161pondenciu je tz.severka(zavin\u00e1\u010d)gmail.com.<\/p>\n<p> <a class=\"continue-reading-link\" href=\"https:\/\/www.severka.online\/index.php\/trampske-zdruzenie-severka\/kontakt\/\"><span>Pokra\u010dovanie \u010dl\u00e1nku<\/span><i class=\"crycon-right-dir\"><\/i><\/a> <\/p>\n","protected":false},"author":1,"featured_media":0,"parent":4,"menu_order":0,"comment_status":"closed","ping_status":"closed","template":"","meta":{"footnotes":""},"class_list":["post-16","page","type-page","status-publish","hentry"],"_links":{"self":[{"href":"https:\/\/www.severka.online\/index.php\/wp-json\/wp\/v2\/pages\/16","targetHints":{"allow":["GET"]}}],"collection":[{"href":"https:\/\/www.severka.online\/index.php\/wp-json\/wp\/v2\/pages"}],"about":[{"href":"https:\/\/www.severka.online\/index.php\/wp-json\/wp\/v2\/types\/page"}],"author":[{"embeddable":true,"href":"https:\/\/www.severka.online\/index.php\/wp-json\/wp\/v2\/users\/1"}],"replies":[{"embeddable":true,"href":"https:\/\/www.severka.online\/index.php\/wp-json\/wp\/v2\/comments?post=16"}],"version-history":[{"count":4,"href":"https:\/\/www.severka.online\/index.php\/wp-json\/wp\/v2\/pages\/16\/revisions"}],"predecessor-version":[{"id":9406,"href":"https:\/\/www.severka.online\/index.php\/wp-json\/wp\/v2\/pages\/16\/revisions\/9406"}],"up":[{"embeddable":true,"href":"https:\/\/www.severka.online\/index.php\/wp-json\/wp\/v2\/pages\/4"}],"wp:attachment":[{"href":"https:\/\/www.severka.online\/index.php\/wp-json\/wp\/v2\/media?parent=16"}],"curies":[{"name":"wp","href":"https:\/\/api.w.org\/{rel}","templated":true}]}}