{"id":21,"date":"2018-12-15T17:55:31","date_gmt":"2018-12-15T16:55:31","guid":{"rendered":"http:\/\/www.severka.online\/?page_id=21"},"modified":"2019-01-31T23:27:23","modified_gmt":"2019-01-31T22:27:23","slug":"casopis","status":"publish","type":"page","link":"https:\/\/www.severka.online\/index.php\/trampske-zdruzenie-severka\/casopis\/","title":{"rendered":"\u010casopis Severka"},"content":{"rendered":"<p>&nbsp;<\/p>\n<p><span class=\"storytitle\"><strong>SEVERKA &#8211; na\u0161a hviezda<\/strong><\/span><br \/>\n(\u00favodn\u00edk z 1. \u010d\u00edsla \u010dasopisu Severka)<\/p>\n<p>Poznali ju d\u00e1vno zabudnut\u00e9 n\u00e1rody v \u0161eroveku hist\u00f3rie Zeme. Ko\u013ek\u00e9 gener\u00e1cie k nej upierali zrak pri svojich putovaniach hlbinami priestoru a \u010dasu! Obchodn\u00edci a lovci, vojsk\u00e1 a karav\u00e1ny, milenci a ute\u010denci, k\u0148azi, \u010di d\u00e1vni moreplavci..<\/p>\n<p>Polaris, Pol\u00e1rka, Severka&#8230; R\u00f4zne men\u00e1 pre hviezdu, ktor\u00e1 m\u00e1 dominantn\u00e9 postavenie na severnej hviezdnej oblohe. Je stredom jej zdanliv\u00e9ho ot\u00e1\u010dania a m\u00e1 neocenite\u013en\u00fa vlastnos\u0165 \u2013 ud\u00e1va smer. Poh\u013ead do v\u00fdkladnej skrine vesm\u00edru v n\u00e1s vyvol\u00e1va posv\u00e4tn\u00fa b\u00e1ze\u0148 pred dychom ve\u010dnosti. Ve\u013ek\u00fd voz, Mal\u00fd voz, Severka&#8230;<br \/>\nVzhliadame k nej od t\u00e1borov\u00fdch oh\u0148ov, \u010di zo str\u00e1\u017eneho stanovi\u0161\u0165a pri muni\u010dnom sklade. Je priese\u010dn\u00edkom, v ktorom sa stret\u00e1vaj\u00fa poh\u013eady v\u0161etk\u00fdch kamar\u00e1tov, tr\u00e1viacich sobotn\u00fa noc pod hviezdnym \u0161ir\u00e1kom.<\/p>\n<p>Rad\u0161ej len \u0161eptom vyslovme n\u00e1dej, \u017ee aj na\u0161a Severka bude schopn\u00e1 uk\u00e1za\u0165 smer, \u017ee bude poj\u00edtkom medzi kamar\u00e1tmi z r\u00f4znych k\u00fatov Slovenska a sn\u00e1\u010f, sn\u00e1\u010f&#8230; Sn\u00e1\u010f spozn\u00e1 i viac ako jednu trampsk\u00fa gener\u00e1ciu. Ur\u010dite by sme jej to priali.<\/p>\n<p><strong>&#8230;Je to v n\u00e1s a je to na n\u00e1s \u2013 dok\u00e1za\u0165 prekro\u010di\u0165 priekopu medzi my\u0161lienkou a \u010dinom&#8230; ??<\/strong><\/p>\n<p><em>(Modok, Severka 1\/1989)<br \/>\n<\/em><\/p>\n<p>Trampsk\u00fd ob\u010dasn\u00edk Severka vy\u0161iel prv\u00fd kr\u00e1t v roku 1989, v \u010dase, ke\u010f na\u0161a spolo\u010dnos\u0165 e\u0161te len neved\u00facky smerovala k novembrov\u00fdm udalostiam. V sedemdesiatych a osemdesiatoch rokoch tramping nemal na ru\u017eiach ustlan\u00e9 a tla\u010doviny, tob\u00f4\u017e trampsk\u00e9, nemohli vych\u00e1dza\u0165 ofici\u00e1lne. A tak aj Severka za\u010d\u00ednala ako samizdat. Nesk\u00f4r vzniklo Trampsk\u00e9 zdru\u017eenie Severka, pod ktor\u00e9ho hlavi\u010dkou sa vyd\u00e1vanie postavilo na ofici\u00e1lnu b\u00e1zu.<br \/>\nV roku 2003 vy\u0161lo 50. \u010d\u00edslo \u010dasopisu. Pri pr\u00edle\u017eitosti 15 rokov si \u010dinnos\u0165 Zdru\u017eenia pripomenul Starec nasledovn\u00fdmi slovami: <em>&#8222;\u00c1no, Severka u\u017e vych\u00e1dza 15 rokov. Apropos, neviem \u010di niekedy vo vy\u0161e 80 ro\u010dnej hist\u00f3rii trampingu vych\u00e1dzal tak dlho bez prest\u00e1vky nejak\u00fd trampsk\u00fd &#8211; alebo aspo\u0148 obsahom pr\u00edbuzn\u00fd &#8211; \u010dasopis. No a ke\u010f sme u\u017e pri tom spom\u00ednan\u00ed, tak viete v\u00f4bec, \u017ee :<br \/>\n* doteraz vy\u0161lo tla\u010dou 52 \u010d\u00edsel (prv\u00fd ro\u010dn\u00edk mal len 2 \u010d\u00edsla a v \u010dasoch redak\u010dnej kr\u00edzy &#8211; roky 1996-99 &#8211; vych\u00e1dzali len dve, resp. tri \u010d\u00edsla ro\u010dne)<br \/>\n* \u010d\u00edsla 3\/97 a 4\/97 neboli vytla\u010den\u00e9 a \u010dl\u00e1nky do nich ur\u010den\u00e9 sa dostali a\u017e do \u010d\u00edsla 1\/98 (s\u00fa k nahliadnutiu v elektronickej forme na internete) a na prelome rokov 1999 a 2000 vy\u0161lo jedno dvoj\u010d\u00edslo (\u0161tvorka a jedni\u010dka spolu)<br \/>\n* redakcia sa s\u0165ahovala z Martina cez Ko\u0161ice a\u017e do Hronseka (prevoz n\u00e1bytku, arch\u00edvu, p\u00edsac\u00edch strojov, po\u010d\u00edta\u010dov, kalend\u00e1rov, str\u00fahatiek na ceruzky, k\u00e1vov\u00fdch s\u00faprav &#8211; a neviem \u010do e\u0161te, \u010do patr\u00ed do poriadnej kancel\u00e1rie &#8211; si \u0161\u00e9fredaktori s\u0165ahovali sami na vlastn\u00e9 n\u00e1klady)<br \/>\n* cena jedn\u00e9ho \u010d\u00edsla st\u00fapla z p\u00f4vodn\u00fdch 10,- K\u010ds iba na teraj\u0161\u00edch 30,- Sk (napr\u00edklad cukor kri\u0161t\u00e1\u013eov\u00fd zo 7,30 na 36,90, o p\u00e4\u0165korunov\u00fdch Marsk\u00e1ch ani nehovor\u00edm)<br \/>\n* pred dne\u0161n\u00fdm \u0161\u00e9fredaktorom D\u00b4Adym boli vo \u201cveden\u00ed\u201d Modok, Texi, Gelo s Kord\u00edtkom a Bra\u0148o.<br \/>\nDalo by sa e\u0161te v\u0161eli\u010do povy\u0165ahova\u0165 z n\u00e1\u0161ho arch\u00edvu (napr\u00edklad aj zoznam redaktorov, \u010di najplodnej\u0161\u00edch prispievate\u013eov, by bol zauj\u00edmav\u00fd a pekne dlh\u00fd), ale nechceme sa zah\u013eadie\u0165 a\u017e pr\u00edli\u0161 dozadu, sk\u00f4r n\u00e1s zauj\u00edma bud\u00facnos\u0165, ale to je zasa zn\u00e1ma pesni\u010dka. Berte tento pr\u00edspevok len ako mal\u00e9 ohliadnutie na polienka, ktor\u00e9 spolu priklad\u00e1me do toho n\u00e1\u0161ho ohn\u00edka, ktor\u00fd nesie n\u00e1zov po hviezde, ktorou sa u\u017e st\u00e1ro\u010dia riadia n\u00e1morn\u00edci, p\u00fatnici, b\u00e1datelia a v\u0161elijak\u00e9 in\u00e9 t\u00falav\u00e9 du\u0161e. Tak si len prajme, aby n\u00e1m t\u00e1to hviezda e\u0161te dlho ud\u00e1vala smer a aby t\u00e1 na\u0161a pagoda nevyhasla.&#8220;<\/em><\/p>\n<p>(Starec, Severka 1\/2004)<\/p>\n<p>V \u010dase p\u00edsania tohto pr\u00edspevku (janu\u00e1r 2019) sa Severka \u00faspe\u0161ne pribli\u017euje k tridsiatke svojich rokov. A \u010fal\u0161ie \u010dl\u00e1nky a inform\u00e1cie t\u00fdkaj\u00face sa minulosti, pr\u00edtomnosti a bud\u00facnosti najdlh\u0161ie s\u00favisle vych\u00e1dzaj\u00faceho tla\u010den\u00e9ho trampsk\u00e9ho \u010dasopisu v \u010ceskoslovensku n\u00e1jdete pod t\u00e9mou <a href=\"https:\/\/www.severka.online\/index.php\/category\/zdruzenie\/casopis\/\"><strong>&#8222;Ob\u010dasn\u00edk SEVERKA &#8211; \u010dasopis pre v\u0161etk\u00fdch&#8220;<\/strong><\/a>.<\/p>\n<p><em>D&#8217;Ady<\/em><\/p>\n<p>&nbsp;<\/p>\n","protected":false},"excerpt":{"rendered":"<p>&nbsp; SEVERKA &#8211; na\u0161a hviezda (\u00favodn\u00edk z 1. \u010d\u00edsla \u010dasopisu Severka) Poznali ju d\u00e1vno zabudnut\u00e9 n\u00e1rody v \u0161eroveku hist\u00f3rie Zeme. Ko\u013ek\u00e9 gener\u00e1cie k nej upierali zrak pri svojich putovaniach hlbinami priestoru a \u010dasu! Obchodn\u00edci a lovci, vojsk\u00e1 a karav\u00e1ny, milenci a ute\u010denci, k\u0148azi, \u010di d\u00e1vni moreplavci.. Polaris, Pol\u00e1rka, Severka&#8230; R\u00f4zne men\u00e1 pre hviezdu, ktor\u00e1 m\u00e1 dominantn\u00e9 postavenie na severnej hviezdnej oblohe. Je stredom jej zdanliv\u00e9ho ot\u00e1\u010dania a m\u00e1 neocenite\u013en\u00fa vlastnos\u0165 \u2013 ud\u00e1va smer. Poh\u013ead do v\u00fdkladnej skrine vesm\u00edru v n\u00e1s vyvol\u00e1va posv\u00e4tn\u00fa b\u00e1ze\u0148 pred dychom ve\u010dnosti. Ve\u013ek\u00fd voz, Mal\u00fd voz, Severka&#8230; Vzhliadame k nej od t\u00e1borov\u00fdch oh\u0148ov, \u010di zo str\u00e1\u017eneho&#8230;<\/p>\n<p> <a class=\"continue-reading-link\" href=\"https:\/\/www.severka.online\/index.php\/trampske-zdruzenie-severka\/casopis\/\"><span>Pokra\u010dovanie \u010dl\u00e1nku<\/span><i class=\"crycon-right-dir\"><\/i><\/a> <\/p>\n","protected":false},"author":1,"featured_media":0,"parent":4,"menu_order":0,"comment_status":"closed","ping_status":"closed","template":"","meta":{"footnotes":""},"class_list":["post-21","page","type-page","status-publish","hentry"],"_links":{"self":[{"href":"https:\/\/www.severka.online\/index.php\/wp-json\/wp\/v2\/pages\/21","targetHints":{"allow":["GET"]}}],"collection":[{"href":"https:\/\/www.severka.online\/index.php\/wp-json\/wp\/v2\/pages"}],"about":[{"href":"https:\/\/www.severka.online\/index.php\/wp-json\/wp\/v2\/types\/page"}],"author":[{"embeddable":true,"href":"https:\/\/www.severka.online\/index.php\/wp-json\/wp\/v2\/users\/1"}],"replies":[{"embeddable":true,"href":"https:\/\/www.severka.online\/index.php\/wp-json\/wp\/v2\/comments?post=21"}],"version-history":[{"count":8,"href":"https:\/\/www.severka.online\/index.php\/wp-json\/wp\/v2\/pages\/21\/revisions"}],"predecessor-version":[{"id":568,"href":"https:\/\/www.severka.online\/index.php\/wp-json\/wp\/v2\/pages\/21\/revisions\/568"}],"up":[{"embeddable":true,"href":"https:\/\/www.severka.online\/index.php\/wp-json\/wp\/v2\/pages\/4"}],"wp:attachment":[{"href":"https:\/\/www.severka.online\/index.php\/wp-json\/wp\/v2\/media?parent=21"}],"curies":[{"name":"wp","href":"https:\/\/api.w.org\/{rel}","templated":true}]}}