{"id":26,"date":"2018-12-15T18:23:23","date_gmt":"2018-12-15T17:23:23","guid":{"rendered":"http:\/\/www.severka.online\/?page_id=26"},"modified":"2018-12-15T18:23:23","modified_gmt":"2018-12-15T17:23:23","slug":"faq","status":"publish","type":"page","link":"https:\/\/www.severka.online\/index.php\/faq\/","title":{"rendered":"FAQ"},"content":{"rendered":"<p>Na \u010do sa chce\u0161 v\u0161etko op\u00fdta\u0165<\/p>\n","protected":false},"excerpt":{"rendered":"<p>Na \u010do sa chce\u0161 v\u0161etko op\u00fdta\u0165<\/p>\n<p> <a class=\"continue-reading-link\" href=\"https:\/\/www.severka.online\/index.php\/faq\/\"><span>Pokra\u010dovanie \u010dl\u00e1nku<\/span><i class=\"crycon-right-dir\"><\/i><\/a> <\/p>\n","protected":false},"author":1,"featured_media":0,"parent":0,"menu_order":0,"comment_status":"closed","ping_status":"closed","template":"","meta":{"footnotes":""},"class_list":["post-26","page","type-page","status-publish","hentry"],"_links":{"self":[{"href":"https:\/\/www.severka.online\/index.php\/wp-json\/wp\/v2\/pages\/26","targetHints":{"allow":["GET"]}}],"collection":[{"href":"https:\/\/www.severka.online\/index.php\/wp-json\/wp\/v2\/pages"}],"about":[{"href":"https:\/\/www.severka.online\/index.php\/wp-json\/wp\/v2\/types\/page"}],"author":[{"embeddable":true,"href":"https:\/\/www.severka.online\/index.php\/wp-json\/wp\/v2\/users\/1"}],"replies":[{"embeddable":true,"href":"https:\/\/www.severka.online\/index.php\/wp-json\/wp\/v2\/comments?post=26"}],"version-history":[{"count":1,"href":"https:\/\/www.severka.online\/index.php\/wp-json\/wp\/v2\/pages\/26\/revisions"}],"predecessor-version":[{"id":27,"href":"https:\/\/www.severka.online\/index.php\/wp-json\/wp\/v2\/pages\/26\/revisions\/27"}],"wp:attachment":[{"href":"https:\/\/www.severka.online\/index.php\/wp-json\/wp\/v2\/media?parent=26"}],"curies":[{"name":"wp","href":"https:\/\/api.w.org\/{rel}","templated":true}]}}