{"id":29,"date":"2018-12-15T18:25:03","date_gmt":"2018-12-15T17:25:03","guid":{"rendered":"http:\/\/www.severka.online\/?page_id=29"},"modified":"2026-02-22T19:09:07","modified_gmt":"2026-02-22T18:09:07","slug":"ako-si-objednat-severku","status":"publish","type":"page","link":"https:\/\/www.severka.online\/index.php\/faq\/ako-si-objednat-severku\/","title":{"rendered":"Ako si objedna\u0165 Severku?"},"content":{"rendered":"<p><strong>Trampsk\u00fd ob\u010dasn\u00edk Severka vych\u00e1dza &#8222;ob\u010dasne&#8220;, ale dar\u00ed sa vyda\u0165 4 \u010d\u00edsla v kalend\u00e1rnom roku.<br \/>\nCena jedn\u00e9ho \u010d\u00edsla pri osobnom odbere je 3 \u20ac, pri posielan\u00ed po\u0161tou (t.j. vr\u00e1tane po\u0161tovn\u00e9ho) na cel\u00fd ro\u010dn\u00edk 15 \u20ac .<\/strong><\/p>\n<p><u>Najlep\u0161\u00ed sp\u00f4sob je Severku si predplati\u0165<\/u>, a to:<\/p>\n<p>&#8211; prevodom na pe\u0148a\u017en\u00fd \u00fa\u010det Severky (meno majite\u013ea \u00fa\u010dtu: Trampsk\u00e9 zdru\u017eenie Severka) v \u010cSOB <strong>IBAN SK31 7500 0000 0040 0182 0527<\/strong> , kon\u0161tatn\u00fd symbol 0008, variabiln\u00fd symbol &#8222;po\u010detkusovrok&#8220;, napr. 12026, ak objedn\u00e1va\u0161 jeden v\u00fdtla\u010dok na rok 2026. Ak sa d\u00e1te dohromady viacer\u00ed, tak napr. 32026 znamen\u00e1 predplatn\u00e9 troch v\u00fdtla\u010dkov na rok 2026. <strong>Do spr\u00e1vy pre prij\u00edmate\u013ea nezabudni uvies\u0165 svoje meno a adresu, aby sme vedeli platbu identifikova\u0165 !<\/strong><br \/>\nPre istotu neza\u0161kod\u00ed posla\u0165 potvrdzuj\u00faci e-mail. To najm\u00e4 v pr\u00edpade, \u017ee z jednej platby sa bud\u00fa Severky posiela\u0165 na viacero adries (do mailu uve\u010f adresy predplatite\u013eov).<\/p>\n<p>&#8211; po\u0161tovou pouk\u00e1\u017ekou na adresu redakcie &#8222;Trampsk\u00e9 zdru\u017eenie Severka, ul. SNP 71, 935 05 Pukanec&#8220;. Do spr\u00e1vy pre prij\u00edmate\u013ea uve\u010f, \u010do plat\u00ed\u0161, napr. &#8222;Predplatn\u00e9 2026&#8220;<\/p>\n<p>&#8211; osobne u niekoho z \u010dlenov a kamar\u00e1tov TZ Severka (Modok &#8211; Martin, Andy B\u00e1bovka &#8211; Bratislava, Amazonka &#8211; Spi\u0161sk\u00e1 Nov\u00e1 Ves, Tik a Kord\u00edtko &#8211; Ko\u0161ice, at\u010f.) alebo \u0161\u00e9fredaktora D&#8217;Adyho.<\/p>\n<p>So Severkou sa m\u00f4\u017ee\u0161 stretn\u00fa\u0165 na niektor\u00fdch trampsk\u00fdch akci\u00e1ch (napr. pravidelne na slezin\u00e1ch Trampclubu Bratislava), kde s\u00fa obvykle k dostaniu aj star\u0161ie \u010d\u00edsla za zn\u00ed\u017een\u00fa cenu, ktor\u00e9 s\u00fa e\u0161te na sklade.<\/p>\n<p>Pre kamar\u00e1tov v \u010cR je cena 350,- K\u010d na rok. Sp\u00f4sob \u00fahrady, ako aj zasielania dohadujeme individu\u00e1lne.<\/p>\n<p>Ak\u00e9ko\u013evek ot\u00e1zky radi zodpovieme na mailovej adrese tz.severka@gmail.com<\/p>\n","protected":false},"excerpt":{"rendered":"<p>Trampsk\u00fd ob\u010dasn\u00edk Severka vych\u00e1dza &#8222;ob\u010dasne&#8220;, ale dar\u00ed sa vyda\u0165 4 \u010d\u00edsla v kalend\u00e1rnom roku. Cena jedn\u00e9ho \u010d\u00edsla pri osobnom odbere je 3 \u20ac, pri posielan\u00ed po\u0161tou (t.j. vr\u00e1tane po\u0161tovn\u00e9ho) na cel\u00fd ro\u010dn\u00edk 15 \u20ac . Najlep\u0161\u00ed sp\u00f4sob je Severku si predplati\u0165, a to: &#8211; prevodom na pe\u0148a\u017en\u00fd \u00fa\u010det Severky (meno majite\u013ea \u00fa\u010dtu: Trampsk\u00e9 zdru\u017eenie Severka) v \u010cSOB IBAN SK31 7500 0000 0040 0182 0527 , kon\u0161tatn\u00fd symbol 0008, variabiln\u00fd symbol &#8222;po\u010detkusovrok&#8220;, napr. 12026, ak objedn\u00e1va\u0161 jeden v\u00fdtla\u010dok na rok 2026. Ak sa d\u00e1te dohromady viacer\u00ed, tak napr. 32026 znamen\u00e1 predplatn\u00e9 troch v\u00fdtla\u010dkov na rok 2026. Do spr\u00e1vy pre prij\u00edmate\u013ea nezabudni&#8230;<\/p>\n<p> <a class=\"continue-reading-link\" href=\"https:\/\/www.severka.online\/index.php\/faq\/ako-si-objednat-severku\/\"><span>Pokra\u010dovanie \u010dl\u00e1nku<\/span><i class=\"crycon-right-dir\"><\/i><\/a> <\/p>\n","protected":false},"author":1,"featured_media":0,"parent":26,"menu_order":0,"comment_status":"closed","ping_status":"closed","template":"","meta":{"footnotes":""},"class_list":["post-29","page","type-page","status-publish","hentry"],"_links":{"self":[{"href":"https:\/\/www.severka.online\/index.php\/wp-json\/wp\/v2\/pages\/29","targetHints":{"allow":["GET"]}}],"collection":[{"href":"https:\/\/www.severka.online\/index.php\/wp-json\/wp\/v2\/pages"}],"about":[{"href":"https:\/\/www.severka.online\/index.php\/wp-json\/wp\/v2\/types\/page"}],"author":[{"embeddable":true,"href":"https:\/\/www.severka.online\/index.php\/wp-json\/wp\/v2\/users\/1"}],"replies":[{"embeddable":true,"href":"https:\/\/www.severka.online\/index.php\/wp-json\/wp\/v2\/comments?post=29"}],"version-history":[{"count":14,"href":"https:\/\/www.severka.online\/index.php\/wp-json\/wp\/v2\/pages\/29\/revisions"}],"predecessor-version":[{"id":10979,"href":"https:\/\/www.severka.online\/index.php\/wp-json\/wp\/v2\/pages\/29\/revisions\/10979"}],"up":[{"embeddable":true,"href":"https:\/\/www.severka.online\/index.php\/wp-json\/wp\/v2\/pages\/26"}],"wp:attachment":[{"href":"https:\/\/www.severka.online\/index.php\/wp-json\/wp\/v2\/media?parent=29"}],"curies":[{"name":"wp","href":"https:\/\/api.w.org\/{rel}","templated":true}]}}