{"id":4,"date":"2018-12-15T14:45:10","date_gmt":"2018-12-15T13:45:10","guid":{"rendered":"http:\/\/www.severka.online\/?page_id=4"},"modified":"2019-03-05T23:26:47","modified_gmt":"2019-03-05T22:26:47","slug":"trampske-zdruzenie-severka","status":"publish","type":"page","link":"https:\/\/www.severka.online\/index.php\/trampske-zdruzenie-severka\/","title":{"rendered":"Trampsk\u00e9 zdru\u017eenie Severka"},"content":{"rendered":"<p><strong>Poslan\u00edm Trampsk\u00e9ho zdru\u017eenia Severka je podpora, rozvoj a zachovanie p\u00f4vodnej trampskej kult\u00fary a dokument\u00e1cia hist\u00f3rie trampsk\u00e9ho hnutia na Slovensku a v zahrani\u010d\u00ed<\/strong>.<\/p>\n<p>Zdru\u017eenie je pr\u00e1vnickou osobou. S\u00eddlom Zdru\u017eenia je Martin. Potrebn\u00e9 kontaktn\u00e9 inform\u00e1cie &#8211; <a href=\"https:\/\/www.severka.online\/index.php\/trampske-zdruzenie-severka\/kontakt\/\">KONTAKT<\/a><\/p>\n<p>\u010cinnos\u0165 Zdru\u017eenia* zah\u0155\u0148a:<br \/>\na)\u00a0\u00a0\u00a0\u00a0\u00a0 organizovanie trampsk\u00fdch podujat\u00ed kult\u00farno-v\u00fdchovn\u00e9ho a \u0161portov\u00e9ho charakteru,<br \/>\nb)\u00a0\u00a0\u00a0\u00a0\u00a0 vyd\u00e1vanie periodickej a neperiodickej tla\u010de, podpora \u010dinnosti a poslania Zdru\u017eenia prostredn\u00edctvom internetu a elektronick\u00fdch m\u00e9di\u00ed,<br \/>\nc)\u00a0\u00a0\u00a0\u00a0\u00a0 vyd\u00e1vanie audiovizu\u00e1lnych nosi\u010dov,<br \/>\nd)\u00a0\u00a0\u00a0\u00a0\u00a0 hospod\u00e1rsku \u010dinnos\u0165 v rozsahu potrebnom na zabezpe\u010denie plnenia cie\u013eov Zdru\u017eenia,<br \/>\nochranu pr\u00edrody a \u017eivotn\u00e9ho prostredia.<\/p>\n<p>*) &#8211; pod\u013ea Stanov Zdru\u017eenia (zmena Stanov schv\u00e1len\u00e1 MV SR v r. 2010)<\/p>\n<p><a class=\"continue-reading-link\" href=\"https:\/\/www.severka.online\/index.php\/2019\/02\/01\/trampske-zdruzenie-severka\/\">Pokra\u010dovanie<i class=\"crycon-right-dir\"><\/i><\/a><\/p>\n","protected":false},"excerpt":{"rendered":"<p>Poslan\u00edm Trampsk\u00e9ho zdru\u017eenia Severka je podpora, rozvoj a zachovanie p\u00f4vodnej trampskej kult\u00fary a dokument\u00e1cia hist\u00f3rie trampsk\u00e9ho hnutia na Slovensku a v zahrani\u010d\u00ed. Zdru\u017eenie je pr\u00e1vnickou osobou. S\u00eddlom Zdru\u017eenia je Martin. Potrebn\u00e9 kontaktn\u00e9 inform\u00e1cie &#8211; KONTAKT \u010cinnos\u0165 Zdru\u017eenia* zah\u0155\u0148a: a)\u00a0\u00a0\u00a0\u00a0\u00a0 organizovanie trampsk\u00fdch podujat\u00ed kult\u00farno-v\u00fdchovn\u00e9ho a \u0161portov\u00e9ho charakteru, b)\u00a0\u00a0\u00a0\u00a0\u00a0 vyd\u00e1vanie periodickej a neperiodickej tla\u010de, podpora \u010dinnosti a poslania Zdru\u017eenia prostredn\u00edctvom internetu a elektronick\u00fdch m\u00e9di\u00ed, c)\u00a0\u00a0\u00a0\u00a0\u00a0 vyd\u00e1vanie audiovizu\u00e1lnych nosi\u010dov, d)\u00a0\u00a0\u00a0\u00a0\u00a0 hospod\u00e1rsku \u010dinnos\u0165 v rozsahu potrebnom na zabezpe\u010denie plnenia cie\u013eov Zdru\u017eenia, ochranu pr\u00edrody a \u017eivotn\u00e9ho prostredia. *) &#8211; pod\u013ea Stanov Zdru\u017eenia (zmena Stanov schv\u00e1len\u00e1 MV SR v r. 2010) Pokra\u010dovanie<\/p>\n<p> <a class=\"continue-reading-link\" href=\"https:\/\/www.severka.online\/index.php\/trampske-zdruzenie-severka\/\"><span>Pokra\u010dovanie \u010dl\u00e1nku<\/span><i class=\"crycon-right-dir\"><\/i><\/a> <\/p>\n","protected":false},"author":1,"featured_media":0,"parent":0,"menu_order":0,"comment_status":"closed","ping_status":"closed","template":"","meta":{"footnotes":""},"class_list":["post-4","page","type-page","status-publish","hentry"],"_links":{"self":[{"href":"https:\/\/www.severka.online\/index.php\/wp-json\/wp\/v2\/pages\/4","targetHints":{"allow":["GET"]}}],"collection":[{"href":"https:\/\/www.severka.online\/index.php\/wp-json\/wp\/v2\/pages"}],"about":[{"href":"https:\/\/www.severka.online\/index.php\/wp-json\/wp\/v2\/types\/page"}],"author":[{"embeddable":true,"href":"https:\/\/www.severka.online\/index.php\/wp-json\/wp\/v2\/users\/1"}],"replies":[{"embeddable":true,"href":"https:\/\/www.severka.online\/index.php\/wp-json\/wp\/v2\/comments?post=4"}],"version-history":[{"count":5,"href":"https:\/\/www.severka.online\/index.php\/wp-json\/wp\/v2\/pages\/4\/revisions"}],"predecessor-version":[{"id":721,"href":"https:\/\/www.severka.online\/index.php\/wp-json\/wp\/v2\/pages\/4\/revisions\/721"}],"wp:attachment":[{"href":"https:\/\/www.severka.online\/index.php\/wp-json\/wp\/v2\/media?parent=4"}],"curies":[{"name":"wp","href":"https:\/\/api.w.org\/{rel}","templated":true}]}}