{"id":50,"date":"2018-12-22T23:54:51","date_gmt":"2018-12-22T22:54:51","guid":{"rendered":"http:\/\/www.severka.online\/?page_id=50"},"modified":"2021-11-27T16:08:06","modified_gmt":"2021-11-27T15:08:06","slug":"aktuality","status":"publish","type":"page","link":"https:\/\/www.severka.online\/index.php\/aktuality\/","title":{"rendered":"Aktuality &#8211; Oznamy &#8211; Akcie &#8211; Pozv\u00e1nky"},"content":{"rendered":"<hr \/>\n<p><strong>Kalend\u00e1rium<\/strong><\/p>\n<p>Trampsk\u00e9 zdru\u017eenie Severka od roku 2021 uverej\u0148uje gratul\u00e1cie k narodenin\u00e1m trampov obdobne, ako to na port\u00e1li ahoj-ahoj robil zosnul\u00fd kamar\u00e1t Frenky.<br \/>\nV pr\u00edpade, \u017ee m\u00e1te vo svojom okol\u00ed kamar\u00e1tov \/ kamar\u00e1tky, ktor\u00ed bud\u00fa v najbli\u017e\u0161\u00edch t\u00fdzd\u0148och oslavova\u0165 50 &#8211; 55 &#8211; 60 &#8211; 65 &#8211; 70 &#8211; 75 &#8211; 80 alebo viac rokov, ozn\u00e1mte n\u00e1m t\u00fato skuto\u010dnos\u0165 na email tz.severka@gmail.com a to aspo\u0148 p\u00e1r dn\u00ed dopredu.<br \/>\nK presn\u00e9mu d\u00e1tumu naroden\u00edn dopl\u0148te kr\u00e1tky profil, aspo\u0148 n\u00e1zov T.O. a bude fajn, ak pripoj\u00edte aj fotografiu. Samozrejme, ak s t\u00fdm bude osl\u00e1venec s\u00fahlasi\u0165.<\/p>\n<hr \/>\n<p><strong>Trampnet a arch\u00edv trampsk\u00fdch os\u00e1d<br \/>\n<\/strong><\/p>\n<p>Webov\u00e1 str\u00e1nka <a href=\"http:\/\/trampnet.sk\/\" target=\"_blank\" rel=\"noopener\">trampnet.sk<\/a>, ktor\u00fa zalo\u017eil u\u017e v roku 1999 Jozef Zelner \u2013 Pekeln\u00edk, nebola od jeho \u00famrtia v m\u00e1ji 2019 obnovovan\u00e1. Trampsk\u00e9 zdru\u017eenie Severka, po dohode s jeho rodinou a Tramp clubom Bratislava, sa zasadilo o zachovanie tohto webu ako arch\u00edvu a tie\u017e pripomienku Pekeln\u00edkovej pr\u00e1ce na poli hist\u00f3rie trampingu.<br \/>\nOd za\u010diatku roka 2021 je spr\u00e1vcom Trampnetu TZ Severka. Jeho obsah v\u0161ak nebudeme meni\u0165 ani obnovova\u0165, pr\u00edpadn\u00e9 opravy a doplnenia bud\u00fa uverej\u0148ovan\u00e9 na str\u00e1nkach severka.online, resp. <a href=\"http:\/\/www.trampskemuzeum.sk\/index.php\/archiv-t-o\/\" target=\"_blank\" rel=\"noopener\">trampskemuzeum.sk<\/a><\/p>\n<hr \/>\n<p><span style=\"border-radius: 2px; text-indent: 20px; width: auto; padding: 0px 4px 0px 0px; text-align: center; font: bold 11px\/20px 'Helvetica Neue',Helvetica,sans-serif; color: #ffffff; background: #bd081c no-repeat scroll 3px 50% \/ 14px 14px; position: absolute; opacity: 1; z-index: 8675311; display: none; cursor: pointer; top: 336px; left: 29px;\">Ulo\u017ei\u0165<\/span><\/p>\n<p><span style=\"border-radius: 2px; text-indent: 20px; width: auto; padding: 0px 4px 0px 0px; text-align: center; font: bold 11px\/20px 'Helvetica Neue',Helvetica,sans-serif; color: #ffffff; background: #bd081c no-repeat scroll 3px 50% \/ 14px 14px; position: absolute; opacity: 1; z-index: 8675311; display: none; cursor: pointer; top: 327px; left: 20px;\">Ulo\u017ei\u0165<\/span><\/p>\n<p><span style=\"border-radius: 2px; text-indent: 20px; width: auto; padding: 0px 4px 0px 0px; text-align: center; font: bold 11px\/20px 'Helvetica Neue',Helvetica,sans-serif; color: #ffffff; background: #bd081c no-repeat scroll 3px 50% \/ 14px 14px; position: absolute; opacity: 1; z-index: 8675311; display: none; cursor: pointer; top: 327px; left: 20px;\">Ulo\u017ei\u0165<\/span><\/p>\n<p><span style=\"border-radius: 2px; text-indent: 20px; width: auto; padding: 0px 4px 0px 0px; text-align: center; font: bold 11px\/20px 'Helvetica Neue',Helvetica,sans-serif; color: #ffffff; background: #bd081c no-repeat scroll 3px 50% \/ 14px 14px; position: absolute; opacity: 1; z-index: 8675311; display: none; cursor: pointer; top: 327px; left: 20px;\">Ulo\u017ei\u0165<\/span><\/p>\n<p><span style=\"border-radius: 2px; text-indent: 20px; width: auto; padding: 0px 4px 0px 0px; text-align: center; font: bold 11px\/20px 'Helvetica Neue',Helvetica,sans-serif; color: #ffffff; background: #bd081c no-repeat scroll 3px 50% \/ 14px 14px; position: absolute; opacity: 1; z-index: 8675311; display: none; cursor: pointer; top: 105px; left: 20px;\">Ulo\u017ei\u0165<\/span><\/p>\n","protected":false},"excerpt":{"rendered":"<p>Kalend\u00e1rium Trampsk\u00e9 zdru\u017eenie Severka od roku 2021 uverej\u0148uje gratul\u00e1cie k narodenin\u00e1m trampov obdobne, ako to na port\u00e1li ahoj-ahoj robil zosnul\u00fd kamar\u00e1t Frenky. V pr\u00edpade, \u017ee m\u00e1te vo svojom okol\u00ed kamar\u00e1tov \/ kamar\u00e1tky, ktor\u00ed bud\u00fa v najbli\u017e\u0161\u00edch t\u00fdzd\u0148och oslavova\u0165 50 &#8211; 55 &#8211; 60 &#8211; 65 &#8211; 70 &#8211; 75 &#8211; 80 alebo viac rokov, ozn\u00e1mte n\u00e1m t\u00fato skuto\u010dnos\u0165 na email tz.severka@gmail.com a to aspo\u0148 p\u00e1r dn\u00ed dopredu. K presn\u00e9mu d\u00e1tumu naroden\u00edn dopl\u0148te kr\u00e1tky profil, aspo\u0148 n\u00e1zov T.O. a bude fajn, ak pripoj\u00edte aj fotografiu. Samozrejme, ak s t\u00fdm bude osl\u00e1venec s\u00fahlasi\u0165. Trampnet a arch\u00edv trampsk\u00fdch os\u00e1d Webov\u00e1 str\u00e1nka trampnet.sk, ktor\u00fa&#8230;<\/p>\n<p> <a class=\"continue-reading-link\" href=\"https:\/\/www.severka.online\/index.php\/aktuality\/\"><span>Pokra\u010dovanie \u010dl\u00e1nku<\/span><i class=\"crycon-right-dir\"><\/i><\/a> <\/p>\n","protected":false},"author":1,"featured_media":0,"parent":0,"menu_order":0,"comment_status":"closed","ping_status":"closed","template":"","meta":{"footnotes":""},"class_list":["post-50","page","type-page","status-publish","hentry"],"_links":{"self":[{"href":"https:\/\/www.severka.online\/index.php\/wp-json\/wp\/v2\/pages\/50","targetHints":{"allow":["GET"]}}],"collection":[{"href":"https:\/\/www.severka.online\/index.php\/wp-json\/wp\/v2\/pages"}],"about":[{"href":"https:\/\/www.severka.online\/index.php\/wp-json\/wp\/v2\/types\/page"}],"author":[{"embeddable":true,"href":"https:\/\/www.severka.online\/index.php\/wp-json\/wp\/v2\/users\/1"}],"replies":[{"embeddable":true,"href":"https:\/\/www.severka.online\/index.php\/wp-json\/wp\/v2\/comments?post=50"}],"version-history":[{"count":28,"href":"https:\/\/www.severka.online\/index.php\/wp-json\/wp\/v2\/pages\/50\/revisions"}],"predecessor-version":[{"id":6686,"href":"https:\/\/www.severka.online\/index.php\/wp-json\/wp\/v2\/pages\/50\/revisions\/6686"}],"wp:attachment":[{"href":"https:\/\/www.severka.online\/index.php\/wp-json\/wp\/v2\/media?parent=50"}],"curies":[{"name":"wp","href":"https:\/\/api.w.org\/{rel}","templated":true}]}}