{"id":5191,"date":"2021-01-24T15:52:11","date_gmt":"2021-01-24T14:52:11","guid":{"rendered":"http:\/\/www.severka.online\/?page_id=5191"},"modified":"2021-01-24T15:52:11","modified_gmt":"2021-01-24T14:52:11","slug":"kratke-spravy-2021","status":"publish","type":"page","link":"https:\/\/www.severka.online\/index.php\/aktuality\/kratke-spravy-2021\/","title":{"rendered":"Kr\u00e1tke spr\u00e1vy 2021"},"content":{"rendered":"<p>star\u0161ie spr\u00e1vy &#8211; <a href=\"https:\/\/www.severka.online\/index.php\/aktuality\/kratke-spravy-2020\/\" target=\"_blank\" rel=\"noopener\"><strong>2020<\/strong><\/a><\/p>\n<hr \/>\n<p><strong>janu\u00e1r 2021<\/strong><\/p>\n<p>Trampsk\u00e9 zdru\u017eenie Severka bude od tohto roku uverej\u0148ova\u0165 gratul\u00e1cie k narodenin\u00e1m trampov obdobne, ako to na port\u00e1li ahoj-ahoj robil zosnul\u00fd kamar\u00e1t Frenky.<br \/>\nV pr\u00edpade, \u017ee m\u00e1te vo svojom okol\u00ed kamar\u00e1tov \/ kamar\u00e1tky, ktor\u00ed v najbli\u017e\u0161\u00edch t\u00fdzd\u0148och oslavova\u0165 50 &#8211; 60 &#8211; 70 &#8211; 75 &#8211; 80 alebo viac rokov, ozn\u00e1mte n\u00e1m t\u00fato skuto\u010dnos\u0165 na email tz.severka@gmail.com a to najmenej mesiac dopredu.<br \/>\nK presn\u00e9mu d\u00e1tumu naroden\u00edn dopl\u0148te kr\u00e1tky profil, aspo\u0148 n\u00e1zov T.O. a bude fajn, ak pripoj\u00edte aj fotografiu. Samozrejme, ak s t\u00fdm bude osl\u00e1venec s\u00fahlasi\u0165.<\/p>\n<hr \/>\n<p><strong>5. 1. 2021<\/strong><\/p>\n<p><strong>Webov\u00e1 str\u00e1nka <a href=\"http:\/\/trampnet.sk\/\" target=\"_blank\" rel=\"noopener\">trampnet.sk<\/a><\/strong>, ktor\u00fa zalo\u017eil u\u017e v roku 1999 Jozef Zelner \u2013 Pekeln\u00edk, nebola od jeho \u00famrtia v m\u00e1ji 2019 obnovovan\u00e1. Trampsk\u00e9 zdru\u017eenie Severka, po dohode s jeho rodinou a Tramp clubom Bratislava, sa zasadilo o zachovanie tohto webu ako arch\u00edvu a tie\u017e pripomienku Pekeln\u00edkovej pr\u00e1ce na poli hist\u00f3rie trampingu.<br \/>\nOd za\u010diatku roka 2021 je spr\u00e1vcom Trampnetu TZ Severka. Jeho obsah v\u0161ak nebudeme meni\u0165 ani obnovova\u0165, pr\u00edpadn\u00e9 opravy a doplnenia bud\u00fa uverej\u0148ovan\u00e9 na str\u00e1nkach severka.online, resp. trampskemuzeum.sk<\/p>\n","protected":false},"excerpt":{"rendered":"<p>star\u0161ie spr\u00e1vy &#8211; 2020 janu\u00e1r 2021 Trampsk\u00e9 zdru\u017eenie Severka bude od tohto roku uverej\u0148ova\u0165 gratul\u00e1cie k narodenin\u00e1m trampov obdobne, ako to na port\u00e1li ahoj-ahoj robil zosnul\u00fd kamar\u00e1t Frenky. V pr\u00edpade, \u017ee m\u00e1te vo svojom okol\u00ed kamar\u00e1tov \/ kamar\u00e1tky, ktor\u00ed v najbli\u017e\u0161\u00edch t\u00fdzd\u0148och oslavova\u0165 50 &#8211; 60 &#8211; 70 &#8211; 75 &#8211; 80 alebo viac rokov, ozn\u00e1mte n\u00e1m t\u00fato skuto\u010dnos\u0165 na email tz.severka@gmail.com a to najmenej mesiac dopredu. K presn\u00e9mu d\u00e1tumu naroden\u00edn dopl\u0148te kr\u00e1tky profil, aspo\u0148 n\u00e1zov T.O. a bude fajn, ak pripoj\u00edte aj fotografiu. Samozrejme, ak s t\u00fdm bude osl\u00e1venec s\u00fahlasi\u0165. 5. 1. 2021 Webov\u00e1 str\u00e1nka trampnet.sk, ktor\u00fa zalo\u017eil u\u017e&#8230;<\/p>\n<p> <a class=\"continue-reading-link\" href=\"https:\/\/www.severka.online\/index.php\/aktuality\/kratke-spravy-2021\/\"><span>Pokra\u010dovanie \u010dl\u00e1nku<\/span><i class=\"crycon-right-dir\"><\/i><\/a> <\/p>\n","protected":false},"author":1,"featured_media":0,"parent":50,"menu_order":0,"comment_status":"closed","ping_status":"closed","template":"","meta":{"footnotes":""},"class_list":["post-5191","page","type-page","status-publish","hentry"],"_links":{"self":[{"href":"https:\/\/www.severka.online\/index.php\/wp-json\/wp\/v2\/pages\/5191","targetHints":{"allow":["GET"]}}],"collection":[{"href":"https:\/\/www.severka.online\/index.php\/wp-json\/wp\/v2\/pages"}],"about":[{"href":"https:\/\/www.severka.online\/index.php\/wp-json\/wp\/v2\/types\/page"}],"author":[{"embeddable":true,"href":"https:\/\/www.severka.online\/index.php\/wp-json\/wp\/v2\/users\/1"}],"replies":[{"embeddable":true,"href":"https:\/\/www.severka.online\/index.php\/wp-json\/wp\/v2\/comments?post=5191"}],"version-history":[{"count":2,"href":"https:\/\/www.severka.online\/index.php\/wp-json\/wp\/v2\/pages\/5191\/revisions"}],"predecessor-version":[{"id":5194,"href":"https:\/\/www.severka.online\/index.php\/wp-json\/wp\/v2\/pages\/5191\/revisions\/5194"}],"up":[{"embeddable":true,"href":"https:\/\/www.severka.online\/index.php\/wp-json\/wp\/v2\/pages\/50"}],"wp:attachment":[{"href":"https:\/\/www.severka.online\/index.php\/wp-json\/wp\/v2\/media?parent=5191"}],"curies":[{"name":"wp","href":"https:\/\/api.w.org\/{rel}","templated":true}]}}