{"id":54,"date":"2018-12-27T18:40:40","date_gmt":"2018-12-27T17:40:40","guid":{"rendered":"http:\/\/www.severka.online\/?page_id=54"},"modified":"2019-01-04T22:19:42","modified_gmt":"2019-01-04T21:19:42","slug":"kalendar","status":"publish","type":"page","link":"https:\/\/www.severka.online\/index.php\/aktuality\/kalendar\/","title":{"rendered":"Kalend\u00e1r"},"content":{"rendered":"<p style=\"text-align: center;\"><div id=\"sc_calendar_wrap\">\n\t<div id=\"sc_events_calendar_69f6beaf8cdc4\" class=\"sc_clearfix sc_events_calendar sc_large\">\n\t\t<div id=\"sc_events_calendar_head\" class=\"sc_clearfix\"><h2 id=\"sc_calendar_title\">m\u00e1j 2026<\/h2><form id=\"sc_event_select\" class=\"sc_events_form\" method=\"POST\" action=\"#sc_events_calendar_69f6beaf8cdd0\">\n\n\t\t\t\t<label for=\"sc_month\" style=\"display:none\">Month<\/label>\n\t\t\t\t<select class=\"sc_month\" name=\"sc_month\" id=\"sc_month\">\n\t\t\t\t\t  <option value=\"1\" >janu\u00e1r<\/option>\n\n\t\t\t\t\t\n\t\t\t\t\t  <option value=\"2\" >febru\u00e1r<\/option>\n\n\t\t\t\t\t\n\t\t\t\t\t  <option value=\"3\" >marec<\/option>\n\n\t\t\t\t\t\n\t\t\t\t\t  <option value=\"4\" >apr\u00edl<\/option>\n\n\t\t\t\t\t\n\t\t\t\t\t  <option value=\"5\"  selected='selected'>m\u00e1j<\/option>\n\n\t\t\t\t\t\n\t\t\t\t\t  <option value=\"6\" >j\u00fan<\/option>\n\n\t\t\t\t\t\n\t\t\t\t\t  <option value=\"7\" >j\u00fal<\/option>\n\n\t\t\t\t\t\n\t\t\t\t\t  <option value=\"8\" >august<\/option>\n\n\t\t\t\t\t\n\t\t\t\t\t  <option value=\"9\" >september<\/option>\n\n\t\t\t\t\t\n\t\t\t\t\t  <option value=\"10\" >okt\u00f3ber<\/option>\n\n\t\t\t\t\t\n\t\t\t\t\t  <option value=\"11\" >november<\/option>\n\n\t\t\t\t\t\n\t\t\t\t\t  <option value=\"12\" >december<\/option>\n\n\t\t\t\t\t<\/select>\n\n\t\t\t\t<label for=\"sc_year\" style=\"display:none\">Year<\/label>\n\t\t\t\t<select class=\"sc_year\" name=\"sc_year\" id=\"sc_year\">\n\t\t\t\t\t\t<option value=\"2025\" >2025<\/option>\n\n\t\t\t\t\t\n\t\t\t\t\t\t<option value=\"2026\"  selected='selected'>2026<\/option>\n\n\t\t\t\t\t\n\t\t\t\t\t\t<option value=\"2027\" >2027<\/option>\n\n\t\t\t\t\t\n\t\t\t\t\t\t<option value=\"2028\" >2028<\/option>\n\n\t\t\t\t\t\n\t\t\t\t\t\t<option value=\"2029\" >2029<\/option>\n\n\t\t\t\t\t\n\t\t\t\t\t\t<option value=\"2030\" >2030<\/option>\n\n\t\t\t\t\t<\/select>\n\n\t\t\t\t<label for=\"sc_event_category\" style=\"display:none\">Calendar<\/label>\n\t\t\t\t<select  name='sc_event_category' id='sc_event_category' class='postform'>\n\t<option value='0'>V\u0161etky kalend\u00e1re<\/option>\n\t<option value='-1'>\u017diadne kalend\u00e1re<\/option>\n\t<option class=\"level-0\" value=\"ine\">In\u00e9<\/option>\n\t<option class=\"level-0\" value=\"muzika\">Muzika<\/option>\n\t<option class=\"level-0\" value=\"potlachy-ohne\">Potlachy, ohne<\/option>\n\t<option class=\"level-0\" value=\"sviatky\">Sviatky<\/option>\n\t<option class=\"level-0\" value=\"vandre\">Vandre<\/option>\n\t<option class=\"level-0\" value=\"umrtia\">\u00damrtia<\/option>\n\t<option class=\"level-0\" value=\"rozne\">R\u00f4zne<\/option>\n<\/select>\n\n\t\t\t\t<input type=\"submit\" id=\"sc_submit\" class=\"sc_calendar_submit\" value=\"Zobrazi\u0165\">\n\t\t\t\t<input type=\"hidden\" name=\"action\" value=\"sc_load_calendar\">\n\t\t\t\t<input type=\"hidden\" name=\"category\" value=\"0\">\n\t\t\t\t<input type=\"hidden\" name=\"type\" value=\"month\">\n\t\t\t\t<input type=\"hidden\" name=\"sow\" value=\"1\">\n\t\t\t\t<input type=\"hidden\" name=\"sc_nonce\" value=\"8403955461\">\n\n\t\t\t\t\n\t\t\t\t<input type=\"hidden\" name=\"sc_visitor_tz\" value=\"\">\n\t\t\t<\/form>\n\n\t\t\t\n\t<div id=\"sc_event_nav_wrap\">\n\t\t<form id=\"sc_event_nav_prev\" class=\"sc_events_form\" method=\"POST\" action=\"#sc_events_calendar_69f6beaf8d02f\">\n\t\t\t<input type=\"submit\" class=\"sc_calendar_submit\" name=\"sc_prev\" value=\"Predch\u00e1dzaj\u00faci\">\n\t\t\t<input type=\"hidden\" name=\"sc_nonce\" value=\"8403955461\">\n\t\t\t<input type=\"hidden\" name=\"display_time\" value=\"1775001600\">\n\t\t\t<input type=\"hidden\" name=\"type\" value=\"1775001600\">\n\t\t\t<input type=\"hidden\" name=\"action\" value=\"sc_load_calendar\">\n\t\t\t<input type=\"hidden\" name=\"sc_event_category\" value=\"0\">\n\t\t\t\t\t\t<input type=\"hidden\" name=\"type\" value=\"month\">\n\t\t\t<input type=\"hidden\" name=\"sow\" value=\"1\">\n\t\t\t<input type=\"hidden\" name=\"sc_visitor_tz\" value=\"\">\n\t\t<\/form>\n\t\t<form id=\"sc_event_nav_next\" class=\"sc_events_form\" method=\"POST\" action=\"#sc_events_calendar_69f6beaf8d03d\">\n\t\t\t<input type=\"submit\" class=\"sc_calendar_submit\" name=\"sc_next\" value=\"\u010eal\u0161\u00ed\">\n\t\t\t<input type=\"hidden\" name=\"sc_nonce\" value=\"8403955461\">\n\t\t\t<input type=\"hidden\" name=\"display_time\" value=\"1780272000\">\n\t\t\t<input type=\"hidden\" name=\"action\" value=\"sc_load_calendar\">\n\t\t\t<input type=\"hidden\" name=\"sc_event_category\" value=\"0\">\n\t\t\t\t\t\t<input type=\"hidden\" name=\"type\" value=\"month\">\n\t\t\t<input type=\"hidden\" name=\"sow\" value=\"1\">\n\t\t\t<input type=\"hidden\" name=\"sc_visitor_tz\" value=\"\">\n\t\t<\/form>\n\t<\/div>\n\n\n\t\t<\/div><!--end #sc_events_calendar_head-->\n\n\t\t<div id=\"sc_calendar\">\n\t\t\t<table cellpadding=\"0\" cellspacing=\"0\" class=\"calendar sc-table\"><tr class=\"calendar-row\"><th class=\"calendar-day-head\">pondelok<\/th><th class=\"calendar-day-head\">utorok<\/th><th class=\"calendar-day-head\">streda<\/th><th class=\"calendar-day-head\">\u0161tvrtok<\/th><th class=\"calendar-day-head\">piatok<\/th><th class=\"calendar-day-head\">sobota<\/th><th class=\"calendar-day-head\">nede\u013ea<\/th><\/tr><tr class=\"calendar-row\"><td class=\"calendar-day-np past\" valign=\"top\"><\/td><td class=\"calendar-day-np past\" valign=\"top\"><\/td><td class=\"calendar-day-np past\" valign=\"top\"><\/td><td class=\"calendar-day-np past\" valign=\"top\"><\/td><td class=\"calendar-day past day-1 month-5 year-2026\" valign=\"top\" ><div class=\"sc_day_div\"><div class=\"day-number day-1\">1<\/div><\/div><\/td><td class=\"calendar-day past day-2 month-5 year-2026\" valign=\"top\" ><div class=\"sc_day_div\"><div class=\"day-number day-2\">2<\/div><\/div><\/td><td class=\"calendar-day today day-3 month-5 year-2026\" valign=\"top\" ><div class=\"sc_day_div\"><div class=\"day-number day-3\">3<\/div><\/div><\/td><\/tr><tr class=\"calendar-row\"><td class=\"calendar-day upcoming day-4 month-5 year-2026\" valign=\"top\" ><div class=\"sc_day_div\"><div class=\"day-number day-4\">4<\/div><\/div><\/td><td class=\"calendar-day upcoming day-5 month-5 year-2026\" valign=\"top\" ><div class=\"sc_day_div\"><div class=\"day-number day-5\">5<\/div><\/div><\/td><td class=\"calendar-day upcoming day-6 month-5 year-2026\" valign=\"top\" ><div class=\"sc_day_div\"><div class=\"day-number day-6\">6<\/div><\/div><\/td><td class=\"calendar-day upcoming day-7 month-5 year-2026\" valign=\"top\" ><div class=\"sc_day_div\"><div class=\"day-number day-7\">7<\/div><\/div><\/td><td class=\"calendar-day upcoming day-8 month-5 year-2026\" valign=\"top\" ><div class=\"sc_day_div\"><div class=\"day-number day-8\">8<\/div><\/div><\/td><td class=\"calendar-day upcoming day-9 month-5 year-2026\" valign=\"top\" ><div class=\"sc_day_div\"><div class=\"day-number day-9\">9<\/div><\/div><\/td><td class=\"calendar-day upcoming day-10 month-5 year-2026\" valign=\"top\" ><div class=\"sc_day_div\"><div class=\"day-number day-10\">10<\/div><\/div><\/td><\/tr><tr class=\"calendar-row\"><td class=\"calendar-day upcoming day-11 month-5 year-2026\" valign=\"top\" ><div class=\"sc_day_div\"><div class=\"day-number day-11\">11<\/div><\/div><\/td><td class=\"calendar-day upcoming day-12 month-5 year-2026\" valign=\"top\" ><div class=\"sc_day_div\"><div class=\"day-number day-12\">12<\/div><\/div><\/td><td class=\"calendar-day upcoming day-13 month-5 year-2026\" valign=\"top\" ><div class=\"sc_day_div\"><div class=\"day-number day-13\">13<\/div><\/div><\/td><td class=\"calendar-day upcoming day-14 month-5 year-2026\" valign=\"top\" ><div class=\"sc_day_div\"><div class=\"day-number day-14\">14<\/div><\/div><\/td><td class=\"calendar-day upcoming day-15 month-5 year-2026\" valign=\"top\" ><div class=\"sc_day_div\"><div class=\"day-number day-15\">15<\/div><\/div><\/td><td class=\"calendar-day upcoming day-16 month-5 year-2026\" valign=\"top\" ><div class=\"sc_day_div\"><div class=\"day-number day-16\">16<\/div><\/div><\/td><td class=\"calendar-day upcoming day-17 month-5 year-2026\" valign=\"top\" ><div class=\"sc_day_div\"><div class=\"day-number day-17\">17<\/div><\/div><\/td><\/tr><tr class=\"calendar-row\"><td class=\"calendar-day upcoming day-18 month-5 year-2026\" valign=\"top\" ><div class=\"sc_day_div\"><div class=\"day-number day-18\">18<\/div><\/div><\/td><td class=\"calendar-day upcoming day-19 month-5 year-2026\" valign=\"top\" ><div class=\"sc_day_div\"><div class=\"day-number day-19\">19<\/div><\/div><\/td><td class=\"calendar-day upcoming day-20 month-5 year-2026\" valign=\"top\" ><div class=\"sc_day_div\"><div class=\"day-number day-20\">20<\/div><\/div><\/td><td class=\"calendar-day upcoming day-21 month-5 year-2026\" valign=\"top\" ><div class=\"sc_day_div\"><div class=\"day-number day-21\">21<\/div><\/div><\/td><td class=\"calendar-day upcoming day-22 month-5 year-2026\" valign=\"top\" ><div class=\"sc_day_div\"><div class=\"day-number day-22\">22<\/div><\/div><\/td><td class=\"calendar-day upcoming day-23 month-5 year-2026 has-events sc_event_category-ine sc_event_category-rozne\" valign=\"top\" ><div class=\"sc_day_div\"><div class=\"day-number day-23\">23<\/div><a href=\"https:\/\/www.severka.online\/index.php\/events\/detska-trampska-tvorivost-3\/\" class=\"ine rozne\" >Detsk\u00e1 trampsk\u00e1 tvorivos\u0165<\/a><\/div><\/td><td class=\"calendar-day upcoming day-24 month-5 year-2026 has-events sc_event_category-ine sc_event_category-rozne\" valign=\"top\" ><div class=\"sc_day_div\"><div class=\"day-number day-24\">24<\/div><a href=\"https:\/\/www.severka.online\/index.php\/events\/detska-trampska-tvorivost-3\/\" class=\"ine rozne\" >Detsk\u00e1 trampsk\u00e1 tvorivos\u0165<\/a><\/div><\/td><\/tr><tr class=\"calendar-row\"><td class=\"calendar-day upcoming day-25 month-5 year-2026\" valign=\"top\" ><div class=\"sc_day_div\"><div class=\"day-number day-25\">25<\/div><\/div><\/td><td class=\"calendar-day upcoming day-26 month-5 year-2026\" valign=\"top\" ><div class=\"sc_day_div\"><div class=\"day-number day-26\">26<\/div><\/div><\/td><td class=\"calendar-day upcoming day-27 month-5 year-2026\" valign=\"top\" ><div class=\"sc_day_div\"><div class=\"day-number day-27\">27<\/div><\/div><\/td><td class=\"calendar-day upcoming day-28 month-5 year-2026\" valign=\"top\" ><div class=\"sc_day_div\"><div class=\"day-number day-28\">28<\/div><\/div><\/td><td class=\"calendar-day upcoming day-29 month-5 year-2026 has-events sc_event_category-ine sc_event_category-muzika\" valign=\"top\" ><div class=\"sc_day_div\"><div class=\"day-number day-29\">29<\/div><a href=\"https:\/\/www.severka.online\/index.php\/events\/ftp-horni-jeleni-50-rocnik\/\" class=\"ine muzika\" >FTP Horn\u00ed Jelen\u00ed &#8211; 50. ro\u010dn\u00edk<\/a><\/div><\/td><td class=\"calendar-day upcoming day-30 month-5 year-2026 has-events sc_event_category-ine sc_event_category-muzika\" valign=\"top\" ><div class=\"sc_day_div\"><div class=\"day-number day-30\">30<\/div><a href=\"https:\/\/www.severka.online\/index.php\/events\/ftp-horni-jeleni-50-rocnik\/\" class=\"ine muzika\" >FTP Horn\u00ed Jelen\u00ed &#8211; 50. ro\u010dn\u00edk<\/a><\/div><\/td><td class=\"calendar-day upcoming day-31 month-5 year-2026 has-events sc_event_category-ine sc_event_category-muzika\" valign=\"top\" ><div class=\"sc_day_div\"><div class=\"day-number day-31\">31<\/div><a href=\"https:\/\/www.severka.online\/index.php\/events\/ftp-horni-jeleni-50-rocnik\/\" class=\"ine muzika\" >FTP Horn\u00ed Jelen\u00ed &#8211; 50. ro\u010dn\u00edk<\/a><\/div><\/td><\/tr><\/table>\t\t<\/div>\n\n\t\t\n\t<\/div><!-- end #sc_events_calendar -->\n\t<\/div><\/p>\n","protected":false},"excerpt":{"rendered":"<p> <a class=\"continue-reading-link\" href=\"https:\/\/www.severka.online\/index.php\/aktuality\/kalendar\/\"><span>Pokra\u010dovanie \u010dl\u00e1nku<\/span><i class=\"crycon-right-dir\"><\/i><\/a> <\/p>\n","protected":false},"author":1,"featured_media":0,"parent":50,"menu_order":0,"comment_status":"closed","ping_status":"closed","template":"","meta":{"footnotes":""},"class_list":["post-54","page","type-page","status-publish","hentry"],"_links":{"self":[{"href":"https:\/\/www.severka.online\/index.php\/wp-json\/wp\/v2\/pages\/54","targetHints":{"allow":["GET"]}}],"collection":[{"href":"https:\/\/www.severka.online\/index.php\/wp-json\/wp\/v2\/pages"}],"about":[{"href":"https:\/\/www.severka.online\/index.php\/wp-json\/wp\/v2\/types\/page"}],"author":[{"embeddable":true,"href":"https:\/\/www.severka.online\/index.php\/wp-json\/wp\/v2\/users\/1"}],"replies":[{"embeddable":true,"href":"https:\/\/www.severka.online\/index.php\/wp-json\/wp\/v2\/comments?post=54"}],"version-history":[{"count":3,"href":"https:\/\/www.severka.online\/index.php\/wp-json\/wp\/v2\/pages\/54\/revisions"}],"predecessor-version":[{"id":87,"href":"https:\/\/www.severka.online\/index.php\/wp-json\/wp\/v2\/pages\/54\/revisions\/87"}],"up":[{"embeddable":true,"href":"https:\/\/www.severka.online\/index.php\/wp-json\/wp\/v2\/pages\/50"}],"wp:attachment":[{"href":"https:\/\/www.severka.online\/index.php\/wp-json\/wp\/v2\/media?parent=54"}],"curies":[{"name":"wp","href":"https:\/\/api.w.org\/{rel}","templated":true}]}}