{"id":57,"date":"2018-12-27T18:42:20","date_gmt":"2018-12-27T17:42:20","guid":{"rendered":"http:\/\/www.severka.online\/?page_id=57"},"modified":"2021-05-04T22:19:30","modified_gmt":"2021-05-04T20:19:30","slug":"odporucame","status":"publish","type":"page","link":"https:\/\/www.severka.online\/index.php\/odporucame\/","title":{"rendered":"Odpor\u00fa\u010dame"},"content":{"rendered":"<h4>Trampsk\u00e9 port\u00e1ly<\/h4>\n<p>&nbsp;<\/p>\n<p><a href=\"http:\/\/www.ahojahoj.szm.com\/\" target=\"_blank\" rel=\"noopener\"><strong>Ahoj, ahoj !<\/strong><\/a><br \/>\nZa dobu svojej existencie si vybudoval v\u00fdborn\u00fa n\u00e1v\u0161tevnos\u0165 a aj ke\u010f preva\u017euj\u00fa inform\u00e1cie zo z\u00e1padn\u00e9ho Slovenska, smelo ho m\u00f4\u017eeme naz\u00fdva\u0165 celoslovensk\u00fdm&#8230;<br \/>\nPo smrti kamar\u00e1ta Frenkyho (* 4.6.1969 \u2013 \u2020 15.5.2019) je str\u00e1nka u\u017e len arch\u00edvom, bez aktualiz\u00e1cie.<\/p>\n<p><a href=\"http:\/\/domovtrampu.wixsite.com\/domov-trampu\" target=\"_blank\" rel=\"noopener\"><strong>Domov tramp\u016f v zahrani\u010d\u00ed<\/strong><\/a><br \/>\nInform\u00e1cie pre trampov od trampov najm\u00e4 v z\u00e1mor\u00ed<\/p>\n<p><a href=\"http:\/\/www.musicopen.cz\/index.php\/tramping\" target=\"_blank\" rel=\"noopener\"><strong>Music open &#8211; Tramping<\/strong><\/a><br \/>\nTrampsk\u00e1 rubrika na hudobnom port\u00e1li nielen o hudbe. \u010cl\u00e1nky, \u00faryvky, zamyslenia, &#8230; zn\u00e1mych autorov.<\/p>\n<p><a href=\"https:\/\/sites.google.com\/site\/nastramp\/home\" target=\"_blank\" rel=\"noopener\"><strong>N\u00e1\u0161 Tramp<\/strong><\/a><br \/>\ninternetov\u00fd sklad<\/p>\n<p><a href=\"https:\/\/toulavci.webnode.cz\/\" target=\"_blank\" rel=\"noopener\"><strong>Toulavci nezna\u010den\u00fdch cest<\/strong><\/a><br \/>\nod roku 2014 funguje len arch\u00edv star\u0161\u00edch \u010dl\u00e1nkov, na\u0161\u0165astie e\u0161te s k\u00f4pkou u\u017eito\u010dn\u00fdch inform\u00e1ci\u00ed<br \/>\nOkrem in\u00e9ho rozsiahla datab\u00e1za odkazov a fotogal\u00e9ria.<\/p>\n<p><a href=\"http:\/\/www.trampnet.sk\/\" target=\"_blank\" rel=\"noopener\"><strong>TRAMPNET<\/strong><\/a><br \/>\nNa internete od 22.4.1999. Nez\u00e1visl\u00fd s\u00fakromn\u00fd internetov\u00fd port\u00e1l venovan\u00fd minulosti a s\u00fa\u010dasnosti trampsk\u00e9ho hnutia. Najobsiahle\u0161\u00ed s\u00fabor arch\u00edvnych inform\u00e1ci\u00ed zo star\u00fdch kron\u00edk vyd\u00e1val Pekeln\u00edk (* 5.3.1947 \u2013 \u2020 28.5.2019).<br \/>\nOd m\u00e1ja 2019 nie je str\u00e1nka aktualizovan\u00e1. Od roku 2021 je spr\u00e1vcom TRAMPNET-u Trampsk\u00e9 zdru\u017eenie Severka.<\/p>\n<p><a href=\"http:\/\/tramp-archivy.cz\/web\/index.php\" target=\"_blank\" rel=\"noopener\"><strong>Trampsk\u00e9 arch\u00edvy (KFTP)<\/strong><\/a><br \/>\nATO &#8211; Archiv trampsk\u00fdch osad, ATP &#8211; Archiv trampsk\u00fdch p\u00edsn\u00ed a pripravuj\u00fa sa \u010fal\u0161ie<\/p>\n<p><strong><a href=\"http:\/\/www.trampsky-magazin.cz\/\" target=\"_blank\" rel=\"noopener\">Trampsk\u00fd magaz\u00edn<\/a><\/strong><br \/>\nnajobsiahlej\u0161\u00ed trampsko-kult\u00farny port\u00e1l<span class=\"content\"><br \/>\n<\/span> Zameran\u00e9 na trampsk\u00fa kult\u00faru, vyd\u00e1vanie tla\u010dov\u00edn, organiz\u00e1ciu akci\u00ed. <span class=\"content\">Kult\u00fara, hist\u00f3ria, miestopis, e-shop&#8230; v\u0161etko, \u010do m\u00e1 port\u00e1l ma\u0165.<\/span> <span class=\"content\"><br \/>\n<\/span><\/p>\n<p><a href=\"https:\/\/trempoviny.rajce.idnes.cz\/\" target=\"_blank\" rel=\"noopener\"><strong>Trempoviny<\/strong><\/a><br \/>\nHoci je to str\u00e1nka s obr\u00e1zkami, smelo ju rad\u00edme medzi port\u00e1ly. Okrem fotiek z akci\u00ed a vandrov toti\u017e obsahuje aj scany, \u010di prefoten\u00e9 strany mnoh\u00fdch zauj\u00edmav\u00fdch trampsk\u00fdch dokumentov. Len ich v tom mno\u017estve albumov treba n\u00e1js\u0165 &#8230;<\/p>\n<p><a href=\"http:\/\/www.wander.estranky.sk\/\" target=\"_blank\" rel=\"noopener\"><strong>w\u00fdchodniarsky Wander<\/strong><\/a><br \/>\nstr\u00e1nka pre trampov a in\u00e9 \u017eivo\u010d\u00edchy na v\u00fdchode&#8230;<\/p>\n<p>&nbsp;<\/p>\n<h4>Trampsk\u00e9 m\u00fazeum<\/h4>\n<p>&nbsp;<\/p>\n<p><a href=\"https:\/\/tramuz.webnode.cz\/\" target=\"_blank\" rel=\"noopener\"><strong>Mobiln\u00e9 trampsk\u00e9 m\u00fazeum<\/strong><\/a><\/p>\n<p><a href=\"http:\/\/kftp.cz\/index.php?option=com_content&amp;view=category&amp;layout=blog&amp;id=30&amp;Itemid=4\" target=\"_blank\" rel=\"noopener\"><strong>Trampsk\u00e9 m\u00fazeum na str\u00e1nkach KFTP<\/strong><\/a><\/p>\n<p><a href=\"https:\/\/www.trampsky-magazin.cz\/blog\/o-trampskych-sbirkach-v-narodnim-muzeu-otazky-a-odpovedi-712.html\" target=\"_blank\" rel=\"noopener\"><strong>O trampsk\u00fdch sb\u00edrk\u00e1ch v N\u00e1rodn\u00edm muzeu<\/strong><\/a><\/p>\n<p>&nbsp;<\/p>\n<h4>Str\u00e1nky trampsk\u00fdch os\u00e1d, spolo\u010denstiev a jednotlivcov<\/h4>\n<p>&nbsp;<\/p>\n<p><span class=\"ws12\" style=\"color: #000000;\"><strong><a href=\"http:\/\/www.stosady.sk\/\" target=\"_blank\" rel=\"noopener\">T.O. \u010cierny orol a T.O. T\u00falav\u00fd\u00a0 blesk<\/a><\/strong><b><br \/>\n<\/b>Po rokoch kamar\u00e1tstva a spolo\u010dn\u00e9ho\u00a0 trampovania sa kamar\u00e1ti z\u00a0 T.O. \u010cierny orol a T.O. T\u00falav\u00fd\u00a0 blesk rozhodli\u00a0 v roku 1978\u00a0 \u017ee spoja\u00a0 svoje\u00a0 osady.<b><br \/>\n<\/b><\/span><\/p>\n<p><a href=\"http:\/\/www.osadnici.com\/\" target=\"_blank\" rel=\"noopener\"><strong>OSAdn\u00edci<\/strong><\/a><br \/>\nTie\u017e nielen OSAdn\u00e1 str\u00e1nka T.O.OSA z Ko\u0161\u00edc okrem trampovania na &#8222;vychodze&#8220; pon\u00faka aj r\u00fdchle spr\u00e1vy, f\u00f3rum, fotogal\u00e9riu a v\u0161ehochu\u0165 \u010dl\u00e1nkov.<\/p>\n","protected":false},"excerpt":{"rendered":"<p>Trampsk\u00e9 port\u00e1ly &nbsp; Ahoj, ahoj ! Za dobu svojej existencie si vybudoval v\u00fdborn\u00fa n\u00e1v\u0161tevnos\u0165 a aj ke\u010f preva\u017euj\u00fa inform\u00e1cie zo z\u00e1padn\u00e9ho Slovenska, smelo ho m\u00f4\u017eeme naz\u00fdva\u0165 celoslovensk\u00fdm&#8230; Po smrti kamar\u00e1ta Frenkyho (* 4.6.1969 \u2013 \u2020 15.5.2019) je str\u00e1nka u\u017e len arch\u00edvom, bez aktualiz\u00e1cie. Domov tramp\u016f v zahrani\u010d\u00ed Inform\u00e1cie pre trampov od trampov najm\u00e4 v z\u00e1mor\u00ed Music open &#8211; Tramping Trampsk\u00e1 rubrika na hudobnom port\u00e1li nielen o hudbe. \u010cl\u00e1nky, \u00faryvky, zamyslenia, &#8230; zn\u00e1mych autorov. N\u00e1\u0161 Tramp internetov\u00fd sklad Toulavci nezna\u010den\u00fdch cest od roku 2014 funguje len arch\u00edv star\u0161\u00edch \u010dl\u00e1nkov, na\u0161\u0165astie e\u0161te s k\u00f4pkou u\u017eito\u010dn\u00fdch inform\u00e1ci\u00ed Okrem in\u00e9ho rozsiahla datab\u00e1za odkazov a&#8230;<\/p>\n<p> <a class=\"continue-reading-link\" href=\"https:\/\/www.severka.online\/index.php\/odporucame\/\"><span>Pokra\u010dovanie \u010dl\u00e1nku<\/span><i class=\"crycon-right-dir\"><\/i><\/a> <\/p>\n","protected":false},"author":1,"featured_media":0,"parent":0,"menu_order":0,"comment_status":"closed","ping_status":"closed","template":"","meta":{"footnotes":""},"class_list":["post-57","page","type-page","status-publish","hentry"],"_links":{"self":[{"href":"https:\/\/www.severka.online\/index.php\/wp-json\/wp\/v2\/pages\/57","targetHints":{"allow":["GET"]}}],"collection":[{"href":"https:\/\/www.severka.online\/index.php\/wp-json\/wp\/v2\/pages"}],"about":[{"href":"https:\/\/www.severka.online\/index.php\/wp-json\/wp\/v2\/types\/page"}],"author":[{"embeddable":true,"href":"https:\/\/www.severka.online\/index.php\/wp-json\/wp\/v2\/users\/1"}],"replies":[{"embeddable":true,"href":"https:\/\/www.severka.online\/index.php\/wp-json\/wp\/v2\/comments?post=57"}],"version-history":[{"count":13,"href":"https:\/\/www.severka.online\/index.php\/wp-json\/wp\/v2\/pages\/57\/revisions"}],"predecessor-version":[{"id":5659,"href":"https:\/\/www.severka.online\/index.php\/wp-json\/wp\/v2\/pages\/57\/revisions\/5659"}],"wp:attachment":[{"href":"https:\/\/www.severka.online\/index.php\/wp-json\/wp\/v2\/media?parent=57"}],"curies":[{"name":"wp","href":"https:\/\/api.w.org\/{rel}","templated":true}]}}